{"id":811,"date":"2018-05-04T11:37:35","date_gmt":"2018-05-04T09:37:35","guid":{"rendered":"http:\/\/damiensaugues.ovh\/?page_id=811"},"modified":"2020-05-17T12:05:52","modified_gmt":"2020-05-17T10:05:52","slug":"yes-you-can","status":"publish","type":"page","link":"https:\/\/damiensaugues.ovh\/index.php\/yes-you-can\/","title":{"rendered":"Sollex &#038; The Radiators"},"content":{"rendered":"<div id=\"pl-811\"  class=\"panel-layout\" ><div id=\"pg-811-0\"  class=\"panel-grid panel-has-style\" ><div style=\"border-bottom: 1px solid #ddc133;text-align: center;padding: 50px 0; \" data-overlay=\"true\" data-overlay-color=\"#000000\" class=\"panel-row-style panel-row-style-for-811-0\" ><div id=\"pgc-811-0-0\"  class=\"panel-grid-cell\" ><div id=\"panel-811-0-0-0\" class=\"so-panel widget widget_sow-editor panel-first-child panel-last-child\" data-index=\"0\" ><div style=\"text-align: center;\" data-title-color=\"#ffffff\" data-headings-color=\"#443f3f\" class=\"panel-widget-style panel-widget-style-for-811-0-0-0\" ><div class=\"so-widget-sow-editor so-widget-sow-editor-base\"><h3 class=\"widget-title\">\"Yes, you can\" Sollex and the radiators<\/h3>\n<div class=\"siteorigin-widget-tinymce textwidget\">\n\t<\/div>\n<\/div><\/div><\/div><\/div><\/div><\/div><div id=\"pg-811-1\"  class=\"panel-grid panel-has-style\" ><div style=\"border-bottom: 1px solid #ddc133;text-align: center;padding: 25px 0; \" data-overlay=\"true\" data-overlay-color=\"#000000\" class=\"panel-row-style panel-row-style-for-811-1\" ><div id=\"pgc-811-1-0\"  class=\"panel-grid-cell\" ><div id=\"panel-811-1-0-0\" class=\"so-panel widget widget_sow-editor panel-first-child panel-last-child\" data-index=\"1\" ><div style=\"text-align: left;\" data-title-color=\"#000000\" data-headings-color=\"#ffffff\" class=\"panel-widget-style panel-widget-style-for-811-1-0-0\" ><div class=\"so-widget-sow-editor so-widget-sow-editor-base\"><h3 class=\"widget-title\">Clip<\/h3>\n<div class=\"siteorigin-widget-tinymce textwidget\">\n\t<div class=\"textwidget\">\n<p><img loading=\"lazy\" class=\"alignnone wp-image-786 size-large\" src=\"http:\/\/damiensaugues.ovh\/wp-content\/uploads\/2018\/05\/yes-you-can-1024x576.png\" alt=\"\" width=\"1024\" height=\"576\" srcset=\"https:\/\/damiensaugues.ovh\/wp-content\/uploads\/2018\/05\/yes-you-can-1024x576.png 1024w, https:\/\/damiensaugues.ovh\/wp-content\/uploads\/2018\/05\/yes-you-can-300x169.png 300w, https:\/\/damiensaugues.ovh\/wp-content\/uploads\/2018\/05\/yes-you-can-768x432.png 768w, https:\/\/damiensaugues.ovh\/wp-content\/uploads\/2018\/05\/yes-you-can-830x467.png 830w, https:\/\/damiensaugues.ovh\/wp-content\/uploads\/2018\/05\/yes-you-can-230x129.png 230w, https:\/\/damiensaugues.ovh\/wp-content\/uploads\/2018\/05\/yes-you-can-350x197.png 350w, https:\/\/damiensaugues.ovh\/wp-content\/uploads\/2018\/05\/yes-you-can-480x270.png 480w, https:\/\/damiensaugues.ovh\/wp-content\/uploads\/2018\/05\/yes-you-can.png 1920w\" sizes=\"(max-width: 1024px) 100vw, 1024px\" \/><\/p>\n<p>R\u00e9alisation du vid\u00e9o clip de \"Yes you can\" \/ 2017<\/p>\n<\/div>\n<\/div>\n<\/div><\/div><\/div><\/div><div id=\"pgc-811-1-1\"  class=\"panel-grid-cell\" ><div id=\"panel-811-1-1-0\" class=\"so-panel widget widget_sydney_video_widget sydney_video_widget_widget panel-first-child panel-last-child\" data-index=\"2\" ><div style=\"text-align: center;\" data-title-color=\"#443f3f\" data-headings-color=\"#443f3f\" class=\"panel-widget-style panel-widget-style-for-811-1-1-0\" ><div class=\"sydney-video vid-lightbox\"><div class=\"video-overlay\"><div class=\"sydney-video-inner\"><span class=\"close-popup\"><i class=\"fa fa-times\"><\/i><\/span><iframe title=\"Sollex &amp; The Radiators - Clip Video &quot;Yes You Can&quot;\" width=\"1170\" height=\"658\" src=\"https:\/\/www.youtube.com\/embed\/for1Iojjib0?feature=oembed\" frameborder=\"0\" allow=\"accelerometer; autoplay; clipboard-write; encrypted-media; gyroscope; picture-in-picture; web-share\" referrerpolicy=\"strict-origin-when-cross-origin\" allowfullscreen><\/iframe><\/div><\/div><div class=\"video-text\">Cliquez :<\/div><a href=\"#\" class=\"toggle-popup\"><i class=\"fa fa-play\"><\/i><\/a><\/div><\/div><\/div><\/div><\/div><\/div><div id=\"pg-811-2\"  class=\"panel-grid panel-has-style\" ><div style=\"padding: 5px 0; \" data-overlay=\"true\" data-overlay-color=\"#000000\" class=\"panel-row-style panel-row-style-for-811-2\" ><div id=\"pgc-811-2-0\"  class=\"panel-grid-cell\" ><div id=\"panel-811-2-0-0\" class=\"so-panel widget widget_sow-editor panel-first-child panel-last-child\" data-index=\"3\" ><div style=\"text-align: left;\" data-title-color=\"#000000\" data-headings-color=\"#ffffff\" class=\"panel-widget-style panel-widget-style-for-811-2-0-0\" ><div class=\"so-widget-sow-editor so-widget-sow-editor-base\">\n<div class=\"siteorigin-widget-tinymce textwidget\">\n\t<div class=\"textwidget\">\n<p>Album \"Yes You Can\" - La Cave de Disques\/InOu\u00efe Distribution 2017<\/p>\n<p>R\u00e9alisation : Damien Saugues<\/p>\n<p>Sc\u00e9nario : Damien Saugues &amp; Romain Lefrancois<\/p>\n<p>Chef-Op\u00e9rateur de prises de vues : Jos\u00e9 Ramirez<\/p>\n<p>Chef-Electricien : Antonin Bouix<\/p>\n<p>Moyens Techniques : Time to focus (<a class=\"yt-simple-endpoint style-scope yt-formatted-string\" href=\"http:\/\/www.timetofocus.fr\">http:\/\/www.timetofocus.fr\/<\/a>)<\/p>\n<p>Montage : Philippe Leweurs et Tanguy Solaro \/ Tea &amp; Coffee Production (<a class=\"yt-simple-endpoint style-scope yt-formatted-string\" href=\"http:\/\/www.teaandcoffee.fr\">http:\/\/www.teaandcoffee.fr\/<\/a>)<\/p>\n<p>Location Lumi\u00e8re : Acc &amp; Led<\/p>\n<p>Maquillage : Ga\u00eblle Daireaux<\/p>\n<p>Paroles et Musique : Romain Lefran\u00e7ois (Sollex) The Radiators : Laurent Baron, Olivier Le Gall, R\u00e9mi Liffran Enregistr\u00e9 et mix\u00e9 au Studio Bleu Lune (Amiens) par Boris Pelosof (<a class=\"yt-simple-endpoint style-scope yt-formatted-string\" href=\"http:\/\/www.bleulunestudio.net\">http:\/\/www.bleulunestudio.net\/<\/a>)<\/p>\n<p>Un grand merci \u00e0 Adrien Millot de Time to focus, Pour leur accueil et leur talent, un grand merci \u00e0 Philippe et Tanguy, Merci aux com\u00e9diens pour leur implication et leur bonne humeur : H\u00e9l\u00e8ne Apollonio, Arthur Bajard, Lucie Bignon avec Richard, Marcus et Nell Limier (la famille carotte), Marie Cali, Yohann Cl\u00e9ment, Lola Collaudin, Julien Hacker, Mathilde et Adam Lefran\u00e7ois, H\u00e9l\u00e8ne Morguen, Marc-Aur\u00e8le M\u00f6rk, Cinzia Ninu, Marie-Christine Nungesser, Marion Porrot, Yohann Thibaudault, Dominique Vanthomme Merci aux Jardins Partag\u00e9s \"La Plage Arri\u00e8re\" \u00e0 Bagnolet, Merci aux Jardins Partag\u00e9s du Quartier de la Dhuys \u00e0 Bagnolet, Merci \u00e0 Marie-Christine et Oscar d'avoir tenu salon, Merci \u00e0 Lucie et Richard pour leur accueil au pied lev\u00e9, Merci \u00e0 l'\u00e9quipe de la Ressourcerie de la Trockette, rue du chemin vert \u00e0 Paris, (<a class=\"yt-simple-endpoint style-scope yt-formatted-string\" href=\"http:\/\/www.lapetiterockette.org\">http:\/\/www.lapetiterockette.org\/<\/a>) Merci \u00e0 la Mairie de Nogent-sur-Marne, Merci \u00e0 S\u00e9go pour TOUT,<\/p>\n<p>(D\u00e9dicace) \u00e0 tous les fous qui osent y croire... Produit avec le soutien de la SCPP.<\/p>\n<\/div>\n<\/div>\n<\/div><\/div><\/div><\/div><\/div><\/div><\/div>","protected":false},"excerpt":{"rendered":"<p>R\u00e9alisation du vid\u00e9o clip de \u00ab\u00a0Yes you can\u00a0\u00bb \/ 2017<\/p>\n","protected":false},"author":1,"featured_media":0,"parent":0,"menu_order":0,"comment_status":"closed","ping_status":"closed","template":"page-templates\/page_front-page.php","meta":[],"_links":{"self":[{"href":"https:\/\/damiensaugues.ovh\/index.php\/wp-json\/wp\/v2\/pages\/811"}],"collection":[{"href":"https:\/\/damiensaugues.ovh\/index.php\/wp-json\/wp\/v2\/pages"}],"about":[{"href":"https:\/\/damiensaugues.ovh\/index.php\/wp-json\/wp\/v2\/types\/page"}],"author":[{"embeddable":true,"href":"https:\/\/damiensaugues.ovh\/index.php\/wp-json\/wp\/v2\/users\/1"}],"replies":[{"embeddable":true,"href":"https:\/\/damiensaugues.ovh\/index.php\/wp-json\/wp\/v2\/comments?post=811"}],"version-history":[{"count":25,"href":"https:\/\/damiensaugues.ovh\/index.php\/wp-json\/wp\/v2\/pages\/811\/revisions"}],"predecessor-version":[{"id":818,"href":"https:\/\/damiensaugues.ovh\/index.php\/wp-json\/wp\/v2\/pages\/811\/revisions\/818"}],"wp:attachment":[{"href":"https:\/\/damiensaugues.ovh\/index.php\/wp-json\/wp\/v2\/media?parent=811"}],"curies":[{"name":"wp","href":"https:\/\/api.w.org\/{rel}","templated":true}]}}