{"id":529,"date":"2017-11-18T15:03:16","date_gmt":"2017-11-18T14:03:16","guid":{"rendered":"http:\/\/damiensaugues.ovh\/?page_id=529"},"modified":"2020-06-10T15:08:51","modified_gmt":"2020-06-10T13:08:51","slug":"formations-et-competences-2","status":"publish","type":"page","link":"https:\/\/damiensaugues.ovh\/index.php\/formations-et-competences-2\/","title":{"rendered":"Comp\u00e9tences et formations"},"content":{"rendered":"<div id=\"pl-529\"  class=\"panel-layout\" ><div id=\"pg-529-0\"  class=\"panel-grid panel-has-style\" ><div style=\"text-align: center;padding: 20px 0; \" data-overlay=\"true\" data-overlay-color=\"#000000\" class=\"panel-row-style panel-row-style-for-529-0\" ><div id=\"pgc-529-0-0\"  class=\"panel-grid-cell\" ><div id=\"panel-529-0-0-0\" class=\"so-panel widget widget_sow-image-grid panel-first-child panel-last-child\" data-index=\"0\" ><div style=\"text-align: left;\" data-title-color=\"#443f3f\" data-headings-color=\"#443f3f\" class=\"panel-widget-style panel-widget-style-for-529-0-0-0\" ><div class=\"so-widget-sow-image-grid so-widget-sow-image-grid-default-acee7af2183f\">\t<div class=\"sow-image-grid-wrapper\"\n\t\t\t\t>\n\t\t\t\t\t<div class=\"sow-image-grid-image\">\n\t\t\t\t\t\t\t\t<img width=\"272\" height=\"182\" src=\"https:\/\/damiensaugues.ovh\/wp-content\/uploads\/2020\/06\/20190411_184122-272x182.jpg\" class=\"sow-image-grid-image_html\" alt=\"\" loading=\"lazy\" title=\"20190411_184122\" \/>\t\t\t\t\t\t\t<\/div>\n\t\t\t\t\t<div class=\"sow-image-grid-image\">\n\t\t\t\t\t\t\t\t<img width=\"272\" height=\"182\" src=\"https:\/\/damiensaugues.ovh\/wp-content\/uploads\/2018\/05\/DJI_Phantom_4-272x182.png\" class=\"sow-image-grid-image_html\" alt=\"\" loading=\"lazy\" title=\"\" \/>\t\t\t\t\t\t\t<\/div>\n\t\t\t\t\t<div class=\"sow-image-grid-image\">\n\t\t\t\t\t\t\t\t<img width=\"272\" height=\"182\" src=\"https:\/\/damiensaugues.ovh\/wp-content\/uploads\/2020\/06\/20190724_152050-272x182.jpg\" class=\"sow-image-grid-image_html\" alt=\"\" loading=\"lazy\" title=\"20190724_152050\" \/>\t\t\t\t\t\t\t<\/div>\n\t\t\t\t\t<div class=\"sow-image-grid-image\">\n\t\t\t\t\t\t\t\t<img width=\"272\" height=\"182\" src=\"https:\/\/damiensaugues.ovh\/wp-content\/uploads\/2020\/06\/IMG_3291-272x182.jpg\" class=\"sow-image-grid-image_html\" alt=\"\" loading=\"lazy\" title=\"IMG_3291\" \/>\t\t\t\t\t\t\t<\/div>\n\t\t\t\t\t<div class=\"sow-image-grid-image\">\n\t\t\t\t\t\t\t\t<img width=\"272\" height=\"182\" src=\"https:\/\/damiensaugues.ovh\/wp-content\/uploads\/2020\/06\/FB_IMG_1591785902456-272x182.jpg\" class=\"sow-image-grid-image_html\" alt=\"\" loading=\"lazy\" title=\"\" \/>\t\t\t\t\t\t\t<\/div>\n\t\t\t<\/div>\n<\/div><\/div><\/div><\/div><\/div><\/div><div id=\"pg-529-1\"  class=\"panel-grid panel-has-style\" ><div style=\"padding: 0px 0; \" data-overlay=\"true\" data-overlay-color=\"#000000\" class=\"panel-row-style panel-row-style-for-529-1\" ><div id=\"pgc-529-1-0\"  class=\"panel-grid-cell\" ><div id=\"panel-529-1-0-0\" class=\"so-panel widget widget_sow-editor panel-first-child panel-last-child\" data-index=\"1\" ><div style=\"text-align: left;\" data-title-color=\"#000000\" data-headings-color=\"#443f3f\" class=\"panel-widget-style panel-widget-style-for-529-1-0-0\" ><div class=\"so-widget-sow-editor so-widget-sow-editor-base\"><h3 class=\"widget-title\">Comp\u00e9tences<\/h3>\n<div class=\"siteorigin-widget-tinymce textwidget\">\n\t<\/div>\n<\/div><\/div><\/div><\/div><\/div><\/div><div id=\"pg-529-2\"  class=\"panel-grid panel-has-style\" ><div style=\"padding: 50px 0; \" data-overlay=\"true\" data-overlay-color=\"#000000\" class=\"panel-row-style panel-row-style-for-529-2\" ><div id=\"pgc-529-2-0\"  class=\"panel-grid-cell\" ><div id=\"panel-529-2-0-0\" class=\"so-panel widget widget_sow-features panel-first-child panel-last-child\" data-index=\"2\" ><div style=\"text-align: center;\" data-title-color=\"#ddc133\" data-headings-color=\"#000000\" class=\"panel-widget-style panel-widget-style-for-529-2-0-0\" ><div class=\"so-widget-sow-features so-widget-sow-features-default-ad82250f6a4e\">\n<div class=\"sow-features-list sow-features-responsive\">\n\n\t\t\t\n\t\t\t<div class=\"sow-features-feature sow-icon-container-position-top \" style=\"width: 25%\">\n\n\t\t\t\t\t\t\t\t<div\n\t\t\t\t\tclass=\"sow-icon-container sow-container-round\"\n                    style=\"color: #d5e1df; \"\n\t\t\t\t\t>\n\t\t\t\t\t<div class=\"sow-icon-image\" style=\"background-image: url(https:\/\/damiensaugues.ovh\/wp-content\/uploads\/2018\/02\/hand.png); font-size: 24px\"><\/div>\t\t\t\t<\/div>\n\t\t\t\t\n\t\t\t\t<div class=\"textwidget\">\n\t\t\t\t\t\t\t\t\t\t\t<h4>\n\t\t\t\t\t\t\t\t\t\t\t\t\t\tR\u00e9alisation\t\t\t\t\t\t\t\t\t\t\t\t\t<\/h4>\n\t\t\t\t\t\n\t\t\t\t\t\t\t\t\t\t\t<p style=\"text-align: center;\"><strong>\u00a0<\/strong>de <strong><span style=\"color: #ddc133;\">captation<\/span><\/strong>, <strong><span style=\"color: #ddc133;\">clip<\/span><\/strong>,<\/p>\n<p style=\"text-align: center;\">film <strong><span style=\"color: #ddc133;\">corporate<\/span><\/strong>.<\/p>\n\t\t\t\t\t\n\t\t\t\t\t\t\t\t\t<\/div>\n\t\t\t<\/div>\n\n\t\t\n\t\t\t<div class=\"sow-features-feature sow-icon-container-position-top \" style=\"width: 25%\">\n\n\t\t\t\t\t\t\t\t<div\n\t\t\t\t\tclass=\"sow-icon-container sow-container-round\"\n                    style=\"color: #d5e1df; \"\n\t\t\t\t\t>\n\t\t\t\t\t<div class=\"sow-icon-image\" style=\"background-image: url(https:\/\/damiensaugues.ovh\/wp-content\/uploads\/2018\/02\/camera-bis.png); font-size: 24px\"><\/div>\t\t\t\t<\/div>\n\t\t\t\t\n\t\t\t\t<div class=\"textwidget\">\n\t\t\t\t\t\t\t\t\t\t\t<h4>\n\t\t\t\t\t\t\t\t\t\t\t\t\t\tPrises de vues\t\t\t\t\t\t\t\t\t\t\t\t\t<\/h4>\n\t\t\t\t\t\n\t\t\t\t\t\t\t\t\t\t\t<p style=\"text-align: center;\">-Sony <strong><span style=\"color: #dcc133;\">FS7<\/span>, <span style=\"color: #dcc133;\">FS5<\/span>, <span style=\"color: #dcc133;\">XD cam 700<\/span><\/strong>, Alpha 7<\/p>\n<p style=\"text-align: center;\">-Canon <strong><span style=\"color: #dcc133;\">C300 mark i et ii<\/span><\/strong>, XF 305, <strong><span style=\"color: #dcc133;\">5d<\/span><\/strong><\/p>\n<p style=\"text-align: center;\">-Panasonic gh4<\/p>\n<p style=\"text-align: center;\">-Drone <strong><span style=\"color: #dcc133;\">DJI phantom 4<\/span><\/strong><\/p>\n<p style=\"text-align: center;\">-DJI osmo<\/p>\n\t\t\t\t\t\n\t\t\t\t\t\t\t\t\t<\/div>\n\t\t\t<\/div>\n\n\t\t\n\t\t\t<div class=\"sow-features-feature sow-icon-container-position-top \" style=\"width: 25%\">\n\n\t\t\t\t\t\t\t\t<div\n\t\t\t\t\tclass=\"sow-icon-container sow-container-round\"\n                    style=\"color: #d5e1df; \"\n\t\t\t\t\t>\n\t\t\t\t\t<div class=\"sow-icon-image\" style=\"background-image: url(https:\/\/damiensaugues.ovh\/wp-content\/uploads\/2018\/02\/bobine.png); font-size: 24px\"><\/div>\t\t\t\t<\/div>\n\t\t\t\t\n\t\t\t\t<div class=\"textwidget\">\n\t\t\t\t\t\t\t\t\t\t\t<h4>\n\t\t\t\t\t\t\t\t\t\t\t\t\t\tTournages de magazines et documentaires\t\t\t\t\t\t\t\t\t\t\t\t\t<\/h4>\n\t\t\t\t\t\n\t\t\t\t\t\t\t\t\t\t\t<p style=\"text-align: center;\">-En <strong><span style=\"color: #ddc133;\">s\u00e9quence<\/span><\/strong>,<\/p>\n<p style=\"text-align: center;\">-En immersion,<\/p>\n<p style=\"text-align: center;\">-<strong><span style=\"color: #ddc133;\">Itws \u00e9clair\u00e9es<\/span><\/strong>,<\/p>\n<p style=\"text-align: center;\">-Reconstitutions.<\/p>\n<p style=\"text-align: center;\">-Tournages <strong><span style=\"color: #ddc133;\">multi-cam\u00e9ra<\/span><\/strong>,<\/p>\n<p style=\"text-align: center;\">-<strong><span style=\"color: #ddc133;\">Captation<\/span><\/strong> de spectacles vivants, concerts<\/p>\n\t\t\t\t\t\n\t\t\t\t\t\t\t\t\t<\/div>\n\t\t\t<\/div>\n\n\t\t\n\t\t\t<div class=\"sow-features-feature sow-icon-container-position-top \" style=\"width: 25%\">\n\n\t\t\t\t\t\t\t\t<div\n\t\t\t\t\tclass=\"sow-icon-container sow-container-round\"\n                    style=\"color: #d5e1df; \"\n\t\t\t\t\t>\n\t\t\t\t\t<div class=\"sow-icon-image\" style=\"background-image: url(https:\/\/damiensaugues.ovh\/wp-content\/uploads\/2018\/02\/light.png); font-size: 24px\"><\/div>\t\t\t\t<\/div>\n\t\t\t\t\n\t\t\t\t<div class=\"textwidget\">\n\t\t\t\t\t\t\t\t\t\t\t<h4>\n\t\t\t\t\t\t\t\t\t\t\t\t\t\tEclairer\t\t\t\t\t\t\t\t\t\t\t\t\t<\/h4>\n\t\t\t\t\t\n\t\t\t\t\t\t\t\t\t\t\t<p style=\"text-align: center;\">Installation <strong><span style=\"color: #ddc133;\">lumi\u00e8res<\/span><\/strong> en magazines,<\/p>\n<p style=\"text-align: center;\">documentaires, en studio<\/p>\n<p style=\"text-align: center;\">ou fond vert<\/p>\n\t\t\t\t\t\n\t\t\t\t\t\t\t\t\t<\/div>\n\t\t\t<\/div>\n\n\t\t\n\t\t\t<div class=\"sow-features-feature sow-icon-container-position-top sow-features-feature-last-row\" style=\"width: 25%\">\n\n\t\t\t\t\t\t\t\t<div\n\t\t\t\t\tclass=\"sow-icon-container sow-container-round\"\n                    style=\"color: #d5e1df; \"\n\t\t\t\t\t>\n\t\t\t\t\t<div class=\"sow-icon-image\" style=\"background-image: url(https:\/\/damiensaugues.ovh\/wp-content\/uploads\/2018\/02\/drone.png); font-size: 24px\"><\/div>\t\t\t\t<\/div>\n\t\t\t\t\n\t\t\t\t<div class=\"textwidget\">\n\t\t\t\t\t\t\t\t\t\t\t<h4>\n\t\t\t\t\t\t\t\t\t\t\t\t\t\tT\u00e9l\u00e9pilote\t\t\t\t\t\t\t\t\t\t\t\t\t<\/h4>\n\t\t\t\t\t\n\t\t\t\t\t\t\t\t\t\t\t<p style=\"text-align: center;\">Prises de vues a\u00e9riennes par <strong><span style=\"color: #ddc133;\">drone<\/span><\/strong><\/p>\n\t\t\t\t\t\n\t\t\t\t\t\t\t\t\t<\/div>\n\t\t\t<\/div>\n\n\t\t\n\t\t\t<div class=\"sow-features-feature sow-icon-container-position-top sow-features-feature-last-row\" style=\"width: 25%\">\n\n\t\t\t\t\t\t\t\t<div\n\t\t\t\t\tclass=\"sow-icon-container sow-container-round\"\n                    style=\"color: #d5e1df; \"\n\t\t\t\t\t>\n\t\t\t\t\t<div class=\"sow-icon-image\" style=\"background-image: url(https:\/\/damiensaugues.ovh\/wp-content\/uploads\/2018\/02\/tv.png); font-size: 24px\"><\/div>\t\t\t\t<\/div>\n\t\t\t\t\n\t\t\t\t<div class=\"textwidget\">\n\t\t\t\t\t\t\t\t\t\t\t<h4>\n\t\t\t\t\t\t\t\t\t\t\t\t\t\tMontage\t\t\t\t\t\t\t\t\t\t\t\t\t<\/h4>\n\t\t\t\t\t\n\t\t\t\t\t\t\t\t\t\t\t<p style=\"text-align: center;\">Bonne connaissance du montage<\/p>\n<p style=\"text-align: center;\"><strong><span style=\"color: #ddc133;\">Formation Avid<\/span><\/strong><\/p>\n\t\t\t\t\t\n\t\t\t\t\t\t\t\t\t<\/div>\n\t\t\t<\/div>\n\n\t\t\n\t\t\t<div class=\"sow-features-feature sow-icon-container-position-top sow-features-feature-last-row\" style=\"width: 25%\">\n\n\t\t\t\t\t\t\t\t<div\n\t\t\t\t\tclass=\"sow-icon-container sow-container-round\"\n                    style=\"color: #d5e1df; \"\n\t\t\t\t\t>\n\t\t\t\t\t<div class=\"sow-icon-image\" style=\"background-image: url(https:\/\/damiensaugues.ovh\/wp-content\/uploads\/2018\/02\/mic.png); font-size: 24px\"><\/div>\t\t\t\t<\/div>\n\t\t\t\t\n\t\t\t\t<div class=\"textwidget\">\n\t\t\t\t\t\t\t\t\t\t\t<h4>\n\t\t\t\t\t\t\t\t\t\t\t\t\t\tPrise de son\t\t\t\t\t\t\t\t\t\t\t\t\t<\/h4>\n\t\t\t\t\t\n\t\t\t\t\t\t\t\t\t\t\t<p style=\"text-align: center;\"><strong><span style=\"color: #ddc133;\">Prise de son simple<\/span><\/strong> en reportage ou documentaire<\/p>\n\t\t\t\t\t\n\t\t\t\t\t\t\t\t\t<\/div>\n\t\t\t<\/div>\n\n\t\t\t\n<\/div>\n<\/div><\/div><\/div><\/div><\/div><\/div><div id=\"pg-529-3\"  class=\"panel-grid panel-has-style\" ><div class=\"mob-pad-0 panel-row-style panel-row-style-for-529-3\" style=\"border-bottom: 1px solid #ffffff;text-align: center;padding: 50px 0; \" data-overlay=\"true\" data-overlay-color=\"#000000\" ><div id=\"pgc-529-3-0\"  class=\"panel-grid-cell\" ><div id=\"panel-529-3-0-0\" class=\"so-panel widget widget_sow-editor panel-first-child panel-last-child\" data-index=\"3\" ><div style=\"text-align: center;\" data-title-color=\"#000000\" data-headings-color=\"#443f3f\" class=\"panel-widget-style panel-widget-style-for-529-3-0-0\" ><div class=\"so-widget-sow-editor so-widget-sow-editor-base\"><h3 class=\"widget-title\">Formations<\/h3>\n<div class=\"siteorigin-widget-tinymce textwidget\">\n\t<p style=\"padding-left: 80px; text-align: left;\"><span style=\"font-size: 14pt;\"><strong>Dipl\u00f4mes:<\/strong><\/span><\/p>\n<ul style=\"text-align: left;\">\n<li style=\"list-style-type: none;\">\n<ul>\n<li style=\"list-style-type: none;\">\n<ul>\n<li><strong><span style=\"color: #ddc133;\">BTS<\/span><\/strong> audiovisuel section <strong><span style=\"color: #ddc133;\">image<\/span><\/strong> (Boulogne-Billancourt) 1999<\/li>\n<li>Baccalaur\u00e9at \u00e9lectrotechnique 1997<\/li>\n<\/ul>\n<\/li>\n<\/ul>\n<\/li>\n<\/ul>\n<p style=\"padding-left: 80px; text-align: left;\"><strong><span style=\"font-size: 14pt;\">Formations:<\/span><\/strong><\/p>\n<ul style=\"text-align: left;\">\n<li style=\"list-style-type: none;\">\n<ul>\n<li style=\"list-style-type: none;\">\n<ul>\n<li><strong><span style=\"color: #ddc133;\">T\u00e9l\u00e9pilote de drone<\/span><\/strong> (Pulsardrone) 2017<\/li>\n<li>Montage sur\u00a0 <strong><span style=\"color: #ddc133;\">Avid<\/span><\/strong> Media Composer (Vid\u00e9o design formations) 2014<\/li>\n<\/ul>\n<\/li>\n<\/ul>\n<\/li>\n<\/ul>\n<p style=\"text-align: left;\">\n<p style=\"padding-left: 80px; text-align: left;\"><strong>Permis <span style=\"color: #ddc133;\">A<\/span> et <span style=\"color: #ddc133;\">B<\/span><\/strong><\/p>\n<p style=\"padding-left: 80px; text-align: left;\">Brevet th\u00e9orique de <strong>pilote ULM<\/strong><\/p>\n<\/div>\n<\/div><\/div><\/div><\/div><\/div><\/div><\/div>","protected":false},"excerpt":{"rendered":"<p>Comp\u00e9tences R\u00e9alisation \u00a0de captation, clip, film corporate. Prises de vues -Sony FS7, FS5, XD cam 700, Alpha 7 -Canon C300 mark i et ii, XF 305, 5d -Panasonic gh4 -Drone DJI phantom 4 -DJI osmo Tournages de magazines et documentaires -En s\u00e9quence, -En immersion, -Itws \u00e9clair\u00e9es, -Reconstitutions. -Tournages multi-cam\u00e9ra, -Captation de spectacles vivants, concerts Eclairer [&hellip;]<\/p>\n","protected":false},"author":1,"featured_media":0,"parent":0,"menu_order":0,"comment_status":"closed","ping_status":"closed","template":"page-templates\/page_front-page.php","meta":[],"_links":{"self":[{"href":"https:\/\/damiensaugues.ovh\/index.php\/wp-json\/wp\/v2\/pages\/529"}],"collection":[{"href":"https:\/\/damiensaugues.ovh\/index.php\/wp-json\/wp\/v2\/pages"}],"about":[{"href":"https:\/\/damiensaugues.ovh\/index.php\/wp-json\/wp\/v2\/types\/page"}],"author":[{"embeddable":true,"href":"https:\/\/damiensaugues.ovh\/index.php\/wp-json\/wp\/v2\/users\/1"}],"replies":[{"embeddable":true,"href":"https:\/\/damiensaugues.ovh\/index.php\/wp-json\/wp\/v2\/comments?post=529"}],"version-history":[{"count":87,"href":"https:\/\/damiensaugues.ovh\/index.php\/wp-json\/wp\/v2\/pages\/529\/revisions"}],"predecessor-version":[{"id":2016,"href":"https:\/\/damiensaugues.ovh\/index.php\/wp-json\/wp\/v2\/pages\/529\/revisions\/2016"}],"wp:attachment":[{"href":"https:\/\/damiensaugues.ovh\/index.php\/wp-json\/wp\/v2\/media?parent=529"}],"curies":[{"name":"wp","href":"https:\/\/api.w.org\/{rel}","templated":true}]}}