{"id":183,"date":"2017-11-01T16:55:26","date_gmt":"2017-11-01T15:55:26","guid":{"rendered":"http:\/\/damiensaugues.ovh\/?page_id=183"},"modified":"2020-05-17T15:23:21","modified_gmt":"2020-05-17T13:23:21","slug":"prises-de-vues-aeriennes","status":"publish","type":"page","link":"https:\/\/damiensaugues.ovh\/index.php\/prises-de-vues-aeriennes\/","title":{"rendered":"Prises de vues a\u00e9riennes"},"content":{"rendered":"<div id=\"pl-183\"  class=\"panel-layout\" ><div id=\"pg-183-0\"  class=\"panel-grid panel-has-style\" ><div style=\"padding: 100px 0; \" data-overlay=\"true\" data-overlay-color=\"#000000\" class=\"panel-row-style panel-row-style-for-183-0\" ><div id=\"pgc-183-0-0\"  class=\"panel-grid-cell\" ><div id=\"panel-183-0-0-0\" class=\"so-panel widget widget_sow-editor panel-first-child panel-last-child\" data-index=\"0\" ><div style=\"text-align: left;\" data-title-color=\"#443f3f\" data-headings-color=\"#443f3f\" class=\"panel-widget-style panel-widget-style-for-183-0-0-0\" ><div class=\"so-widget-sow-editor so-widget-sow-editor-base\">\n<div class=\"siteorigin-widget-tinymce textwidget\">\n\t<p>Depuis avril 2017, je suis titulaire du brevet th\u00e9orique de pilote ULM.<\/p>\n<p>Mon Manuel d'activit\u00e9s particuli\u00e8res d'activit\u00e9s particuli\u00e8res d'a\u00e9ronefs t\u00e9l\u00e9pilot\u00e9s a \u00e9t\u00e9 cr\u00e9e et un num\u00e9ro d'exploitant m'a \u00e9t\u00e9 d\u00e9livr\u00e9.<\/p>\n<p>Je suis \u00e9quip\u00e9 d'un Dji phantom 4.<\/p>\n<\/div>\n<\/div><\/div><\/div><\/div><div id=\"pgc-183-0-1\"  class=\"panel-grid-cell\" ><div id=\"panel-183-0-1-0\" class=\"so-panel widget widget_sow-image panel-first-child panel-last-child\" data-index=\"1\" ><div style=\"text-align: left;\" data-title-color=\"#443f3f\" data-headings-color=\"#443f3f\" class=\"panel-widget-style panel-widget-style-for-183-0-1-0\" ><div class=\"so-widget-sow-image so-widget-sow-image-default-d6014b76747a\">\n\n<div class=\"sow-image-container\">\n\t<img src=\"https:\/\/damiensaugues.ovh\/wp-content\/uploads\/2018\/05\/demo-drone.png\" width=\"1920\" height=\"1080\" srcset=\"https:\/\/damiensaugues.ovh\/wp-content\/uploads\/2018\/05\/demo-drone.png 1920w, https:\/\/damiensaugues.ovh\/wp-content\/uploads\/2018\/05\/demo-drone-300x169.png 300w, https:\/\/damiensaugues.ovh\/wp-content\/uploads\/2018\/05\/demo-drone-768x432.png 768w, https:\/\/damiensaugues.ovh\/wp-content\/uploads\/2018\/05\/demo-drone-1024x576.png 1024w, https:\/\/damiensaugues.ovh\/wp-content\/uploads\/2018\/05\/demo-drone-830x467.png 830w, https:\/\/damiensaugues.ovh\/wp-content\/uploads\/2018\/05\/demo-drone-230x129.png 230w, https:\/\/damiensaugues.ovh\/wp-content\/uploads\/2018\/05\/demo-drone-350x197.png 350w, https:\/\/damiensaugues.ovh\/wp-content\/uploads\/2018\/05\/demo-drone-480x270.png 480w\" sizes=\"(max-width: 1920px) 100vw, 1920px\" title=\"demo drone\" alt=\"\" \t\tclass=\"so-widget-image\"\/>\n<\/div>\n\n<\/div><\/div><\/div><\/div><\/div><\/div><\/div>","protected":false},"excerpt":{"rendered":"<p>Depuis avril 2017, je suis titulaire du brevet th\u00e9orique de pilote ULM. Mon Manuel d&rsquo;activit\u00e9s particuli\u00e8res d&rsquo;activit\u00e9s particuli\u00e8res d&rsquo;a\u00e9ronefs t\u00e9l\u00e9pilot\u00e9s a \u00e9t\u00e9 cr\u00e9e et un num\u00e9ro d&rsquo;exploitant m&rsquo;a \u00e9t\u00e9 d\u00e9livr\u00e9. Je suis \u00e9quip\u00e9 d&rsquo;un Dji phantom 4.<\/p>\n","protected":false},"author":1,"featured_media":0,"parent":0,"menu_order":50,"comment_status":"closed","ping_status":"closed","template":"page-templates\/page_fullwidth.php","meta":[],"_links":{"self":[{"href":"https:\/\/damiensaugues.ovh\/index.php\/wp-json\/wp\/v2\/pages\/183"}],"collection":[{"href":"https:\/\/damiensaugues.ovh\/index.php\/wp-json\/wp\/v2\/pages"}],"about":[{"href":"https:\/\/damiensaugues.ovh\/index.php\/wp-json\/wp\/v2\/types\/page"}],"author":[{"embeddable":true,"href":"https:\/\/damiensaugues.ovh\/index.php\/wp-json\/wp\/v2\/users\/1"}],"replies":[{"embeddable":true,"href":"https:\/\/damiensaugues.ovh\/index.php\/wp-json\/wp\/v2\/comments?post=183"}],"version-history":[{"count":20,"href":"https:\/\/damiensaugues.ovh\/index.php\/wp-json\/wp\/v2\/pages\/183\/revisions"}],"predecessor-version":[{"id":1734,"href":"https:\/\/damiensaugues.ovh\/index.php\/wp-json\/wp\/v2\/pages\/183\/revisions\/1734"}],"wp:attachment":[{"href":"https:\/\/damiensaugues.ovh\/index.php\/wp-json\/wp\/v2\/media?parent=183"}],"curies":[{"name":"wp","href":"https:\/\/api.w.org\/{rel}","templated":true}]}}