{"id":181,"date":"2017-11-01T16:54:59","date_gmt":"2017-11-01T15:54:59","guid":{"rendered":"http:\/\/damiensaugues.ovh\/?page_id=181"},"modified":"2020-05-13T18:40:38","modified_gmt":"2020-05-13T16:40:38","slug":"photos","status":"publish","type":"page","link":"https:\/\/damiensaugues.ovh\/index.php\/photos\/","title":{"rendered":"Photos"},"content":{"rendered":"<div id=\"pl-181\"  class=\"panel-layout\" ><div id=\"pg-181-0\"  class=\"panel-grid panel-has-style\" ><div style=\"padding: 50px 0; \" data-overlay=\"true\" data-overlay-color=\"#000000\" class=\"panel-row-style panel-row-style-for-181-0\" ><div id=\"pgc-181-0-0\"  class=\"panel-grid-cell\" ><div id=\"panel-181-0-0-0\" class=\"so-panel widget widget_sow-editor panel-first-child panel-last-child\" data-index=\"0\" ><div style=\"text-align: center;\" data-title-color=\"#000000\" data-headings-color=\"#443f3f\" class=\"panel-widget-style panel-widget-style-for-181-0-0-0\" ><div class=\"so-widget-sow-editor so-widget-sow-editor-base\"><h3 class=\"widget-title\">Photos<\/h3>\n<div class=\"siteorigin-widget-tinymce textwidget\">\n\t<p style=\"text-align: center;\"><!-- Final Tiles Grid Gallery for WordPress v3.4.22 free --><style>#ftg-11 .tile .icon { color:#ffffff; }#ftg-11 .ftg-items .loading-bar i { background:#666; }#ftg-11 .ftg-items .loading-bar { background:#fff; }#ftg-11 .tile .icon { font-size:12px; }#ftg-11 .tile .icon { margin: -6px 0 0 -6px; }#ftg-11 .tile .caption-block .text-wrapper span.text { font-size:12px; }#ftg-11 .tile .caption-block .text-wrapper span.title { font-size:14px; }#ftg-11 .tile { background-color: transparent; }#ftg-11 .tile .caption-block .text-wrapper span.text { color: #ffffff; }#ftg-11 .tile .caption-block .text-wrapper span.title { color: #ffffff; }#ftg-11 .tile .ftg-social a { color: #ffffff; }#ftg-11 .tile .caption-block { transition-timing-function:ease; }#ftg-11 .tile .caption-block { transition-duration:0.25s; }#ftg-11 .tile .tile-inner:before { background-color: #000000; }#ftg-11 .tile .tile-inner:before { background-color: rgba(0, 0, 0, 0.8); }#ftg-11 .tile:hover img {-moz-transform: ;-webkit-transform: ;-o-transform: ;-ms-transform: ;transform: ;}<\/style><a name='1'><\/a><div class='final-tiles-gallery  ftg-hover-enabled  caption-none caption-middle caption-center' id='ftg-11' style='width:100%'><div class='ftg-items'><div class='loading-bar'><i><\/i><\/div><div  class='tile ftg-preload  '><a title=\"photos drone DSAUGUES (11)\" data-lightbox='ftg-11' rel='ftg-11'  class=' tile-inner  ftg-lightbox' href='https:\/\/damiensaugues.ovh\/wp-content\/uploads\/2020\/05\/photos-drone-DSAUGUES-11.jpeg' ><img alt='photos drone DSAUGUES (11)' class='item skip-lazy' data-class='item' data-ftg-source='http:\/\/damiensaugues.ovh\/wp-content\/uploads\/2020\/05\/photos-drone-DSAUGUES-11.jpeg' src='http:\/\/damiensaugues.ovh\/wp-content\/uploads\/2020\/05\/photos-drone-DSAUGUES-11.jpeg' width='960' height='540' \/><div class='caption-block'><div class='text-wrapper'><span class='title'>photos drone DSAUGUES (11)<\/span><\/div><\/div><\/a><div class='ftg-social'><\/div><\/div><div  class='tile ftg-preload  '><a title=\"photos drone DSAUGUES (12)\" data-lightbox='ftg-11' rel='ftg-11'  class=' tile-inner  ftg-lightbox' href='https:\/\/damiensaugues.ovh\/wp-content\/uploads\/2020\/05\/photos-drone-DSAUGUES-12.jpeg' ><img alt='photos drone DSAUGUES (12)' class='item skip-lazy' data-class='item' data-ftg-source='http:\/\/damiensaugues.ovh\/wp-content\/uploads\/2020\/05\/photos-drone-DSAUGUES-12.jpeg' src='http:\/\/damiensaugues.ovh\/wp-content\/uploads\/2020\/05\/photos-drone-DSAUGUES-12.jpeg' width='960' height='540' \/><div class='caption-block'><div class='text-wrapper'><span class='title'>photos drone DSAUGUES (12)<\/span><\/div><\/div><\/a><div class='ftg-social'><\/div><\/div><div  class='tile ftg-preload  '><a title=\"\" data-lightbox='ftg-11' rel='ftg-11'  class=' tile-inner  ftg-lightbox' href='https:\/\/damiensaugues.ovh\/wp-content\/uploads\/2020\/05\/photos-drone-DSAUGUES-4-2048x1152.jpeg' ><img alt='' class='item skip-lazy' data-class='item' data-ftg-source='http:\/\/damiensaugues.ovh\/wp-content\/uploads\/2020\/05\/photos-drone-DSAUGUES-4-1536x864.jpeg' src='http:\/\/damiensaugues.ovh\/wp-content\/uploads\/2020\/05\/photos-drone-DSAUGUES-4-1536x864.jpeg' width='2560' height='1440' \/><\/a><div class='ftg-social'><\/div><\/div><div  class='tile ftg-preload  '><a title=\"photos drone DSAUGUES (14)\" data-lightbox='ftg-11' rel='ftg-11'  class=' tile-inner  ftg-lightbox' href='https:\/\/damiensaugues.ovh\/wp-content\/uploads\/2020\/05\/photos-drone-DSAUGUES-14.jpeg' ><img alt='photos drone DSAUGUES (14)' class='item skip-lazy' data-class='item' data-ftg-source='http:\/\/damiensaugues.ovh\/wp-content\/uploads\/2020\/05\/photos-drone-DSAUGUES-14.jpeg' src='http:\/\/damiensaugues.ovh\/wp-content\/uploads\/2020\/05\/photos-drone-DSAUGUES-14.jpeg' width='960' height='540' \/><div class='caption-block'><div class='text-wrapper'><span class='title'>photos drone DSAUGUES (14)<\/span><\/div><\/div><\/a><div class='ftg-social'><\/div><\/div><div  class='tile ftg-preload  '><a title=\"\" data-lightbox='ftg-11' rel='ftg-11'  class=' tile-inner  ftg-lightbox' href='https:\/\/damiensaugues.ovh\/wp-content\/uploads\/2020\/05\/photos-drone-DSAUGUES-2-2048x1152.jpeg' ><img alt='' class='item skip-lazy' data-class='item' data-ftg-source='http:\/\/damiensaugues.ovh\/wp-content\/uploads\/2020\/05\/photos-drone-DSAUGUES-2-1536x864.jpeg' src='http:\/\/damiensaugues.ovh\/wp-content\/uploads\/2020\/05\/photos-drone-DSAUGUES-2-1536x864.jpeg' width='2560' height='1440' \/><\/a><div class='ftg-social'><\/div><\/div><div  class='tile ftg-preload  '><a title=\"Vaches\" data-lightbox='ftg-11' rel='ftg-11'  class=' tile-inner  ftg-lightbox' href='https:\/\/damiensaugues.ovh\/wp-content\/uploads\/2017\/11\/vaches.jpg' ><img alt='Vaches' class='item skip-lazy' data-class='item' data-ftg-source='http:\/\/damiensaugues.ovh\/wp-content\/uploads\/2017\/11\/vaches.jpg' src='http:\/\/damiensaugues.ovh\/wp-content\/uploads\/2017\/11\/vaches.jpg' width='555' height='354' \/><div class='caption-block'><div class='text-wrapper'><span class='title'>Vaches<\/span><\/div><\/div><\/a><div class='ftg-social'><\/div><\/div><div  class='tile ftg-preload  '><a title=\"Les portes de l&#039;atlas\" data-lightbox='ftg-11' rel='ftg-11'  class=' tile-inner  ftg-lightbox' href='https:\/\/damiensaugues.ovh\/wp-content\/uploads\/2017\/11\/portesatlas.jpg' ><img alt='Les portes de l&#039;atlas' class='item skip-lazy' data-class='item' data-ftg-source='http:\/\/damiensaugues.ovh\/wp-content\/uploads\/2017\/11\/portesatlas.jpg' src='http:\/\/damiensaugues.ovh\/wp-content\/uploads\/2017\/11\/portesatlas.jpg' width='555' height='412' \/><div class='caption-block'><div class='text-wrapper'><span class='title'>Les portes de l'atlas<\/span><\/div><\/div><\/a><div class='ftg-social'><\/div><\/div><div  class='tile ftg-preload  '><a title=\"\" data-lightbox='ftg-11' rel='ftg-11'  class=' tile-inner  ftg-lightbox' href='https:\/\/damiensaugues.ovh\/wp-content\/uploads\/2020\/05\/photos-drone-DSAUGUES-9-2048x1152.jpeg' ><img alt='' class='item skip-lazy' data-class='item' data-ftg-source='http:\/\/damiensaugues.ovh\/wp-content\/uploads\/2020\/05\/photos-drone-DSAUGUES-9-1536x864.jpeg' src='http:\/\/damiensaugues.ovh\/wp-content\/uploads\/2020\/05\/photos-drone-DSAUGUES-9-1536x864.jpeg' width='2560' height='1440' \/><\/a><div class='ftg-social'><\/div><\/div><div  class='tile ftg-preload  '><a title=\"Jeune touareg\" data-lightbox='ftg-11' rel='ftg-11'  class=' tile-inner  ftg-lightbox' href='https:\/\/damiensaugues.ovh\/wp-content\/uploads\/2017\/11\/touareg.jpg' ><img alt='Jeune touareg' class='item skip-lazy' data-class='item' data-ftg-source='http:\/\/damiensaugues.ovh\/wp-content\/uploads\/2017\/11\/touareg.jpg' src='http:\/\/damiensaugues.ovh\/wp-content\/uploads\/2017\/11\/touareg.jpg' width='357' height='560' \/><div class='caption-block'><div class='text-wrapper'><span class='title'>Jeune touareg<\/span><\/div><\/div><\/a><div class='ftg-social'><\/div><\/div><div  class='tile ftg-preload  '><a title=\"Pause\" data-lightbox='ftg-11' rel='ftg-11'  class=' tile-inner  ftg-lightbox' href='https:\/\/damiensaugues.ovh\/wp-content\/uploads\/2017\/11\/pause.jpg' ><img alt='Pause' class='item skip-lazy' data-class='item' data-ftg-source='http:\/\/damiensaugues.ovh\/wp-content\/uploads\/2017\/11\/pause.jpg' src='http:\/\/damiensaugues.ovh\/wp-content\/uploads\/2017\/11\/pause.jpg' width='555' height='360' \/><div class='caption-block'><div class='text-wrapper'><span class='title'>Pause<\/span><\/div><\/div><\/a><div class='ftg-social'><\/div><\/div><div  class='tile ftg-preload  '><a title=\"\" data-lightbox='ftg-11' rel='ftg-11'  class=' tile-inner  ftg-lightbox' href='https:\/\/damiensaugues.ovh\/wp-content\/uploads\/2020\/05\/photos-drone-DSAUGUES-7-2048x1152.jpeg' ><img alt='' class='item skip-lazy' data-class='item' data-ftg-source='http:\/\/damiensaugues.ovh\/wp-content\/uploads\/2020\/05\/photos-drone-DSAUGUES-7-1536x864.jpeg' src='http:\/\/damiensaugues.ovh\/wp-content\/uploads\/2020\/05\/photos-drone-DSAUGUES-7-1536x864.jpeg' width='2560' height='1440' \/><\/a><div class='ftg-social'><\/div><\/div><div  class='tile ftg-preload  '><a title=\"Champ d&#039;oignons\" data-lightbox='ftg-11' rel='ftg-11'  class=' tile-inner  ftg-lightbox' href='https:\/\/damiensaugues.ovh\/wp-content\/uploads\/2017\/11\/oignons.jpg' ><img alt='Champ d&#039;oignons' class='item skip-lazy' data-class='item' data-ftg-source='http:\/\/damiensaugues.ovh\/wp-content\/uploads\/2017\/11\/oignons.jpg' src='http:\/\/damiensaugues.ovh\/wp-content\/uploads\/2017\/11\/oignons.jpg' width='555' height='353' \/><div class='caption-block'><div class='text-wrapper'><span class='title'>Champ d'oignons<\/span><\/div><\/div><\/a><div class='ftg-social'><\/div><\/div><div  class='tile ftg-preload  '><a title=\"\" data-lightbox='ftg-11' rel='ftg-11'  class=' tile-inner  ftg-lightbox' href='https:\/\/damiensaugues.ovh\/wp-content\/uploads\/2020\/05\/photos-drone-DSAUGUES-10-2048x1152.jpeg' ><img alt='' class='item skip-lazy' data-class='item' data-ftg-source='http:\/\/damiensaugues.ovh\/wp-content\/uploads\/2020\/05\/photos-drone-DSAUGUES-10-1536x864.jpeg' src='http:\/\/damiensaugues.ovh\/wp-content\/uploads\/2020\/05\/photos-drone-DSAUGUES-10-1536x864.jpeg' width='2560' height='1440' \/><\/a><div class='ftg-social'><\/div><\/div><div  class='tile ftg-preload  '><a title=\"Champ d&#039;oignons\" data-lightbox='ftg-11' rel='ftg-11'  class=' tile-inner  ftg-lightbox' href='https:\/\/damiensaugues.ovh\/wp-content\/uploads\/2017\/11\/oignons2.jpg' ><img alt='Champ d&#039;oignons' class='item skip-lazy' data-class='item' data-ftg-source='http:\/\/damiensaugues.ovh\/wp-content\/uploads\/2017\/11\/oignons2.jpg' src='http:\/\/damiensaugues.ovh\/wp-content\/uploads\/2017\/11\/oignons2.jpg' width='355' height='555' \/><div class='caption-block'><div class='text-wrapper'><span class='title'>Champ d'oignons<\/span><\/div><\/div><\/a><div class='ftg-social'><\/div><\/div><div  class='tile ftg-preload  '><a title=\"photos drone DSAUGUES (13)\" data-lightbox='ftg-11' rel='ftg-11'  class=' tile-inner  ftg-lightbox' href='https:\/\/damiensaugues.ovh\/wp-content\/uploads\/2020\/05\/photos-drone-DSAUGUES-13.jpeg' ><img alt='photos drone DSAUGUES (13)' class='item skip-lazy' data-class='item' data-ftg-source='http:\/\/damiensaugues.ovh\/wp-content\/uploads\/2020\/05\/photos-drone-DSAUGUES-13.jpeg' src='http:\/\/damiensaugues.ovh\/wp-content\/uploads\/2020\/05\/photos-drone-DSAUGUES-13.jpeg' width='960' height='540' \/><div class='caption-block'><div class='text-wrapper'><span class='title'>photos drone DSAUGUES (13)<\/span><\/div><\/div><\/a><div class='ftg-social'><\/div><\/div><div  class='tile ftg-preload  '><a title=\"N\u00e9nuphar\" data-lightbox='ftg-11' rel='ftg-11'  class=' tile-inner  ftg-lightbox' href='https:\/\/damiensaugues.ovh\/wp-content\/uploads\/2017\/11\/nenuphar.jpg' ><img alt='N\u00e9nuphar' class='item skip-lazy' data-class='item' data-ftg-source='http:\/\/damiensaugues.ovh\/wp-content\/uploads\/2017\/11\/nenuphar.jpg' src='http:\/\/damiensaugues.ovh\/wp-content\/uploads\/2017\/11\/nenuphar.jpg' width='555' height='367' \/><div class='caption-block'><div class='text-wrapper'><span class='title'>N\u00e9nuphar<\/span><\/div><\/div><\/a><div class='ftg-social'><\/div><\/div><div  class='tile ftg-preload  '><a title=\"\" data-lightbox='ftg-11' rel='ftg-11'  class=' tile-inner  ftg-lightbox' href='https:\/\/damiensaugues.ovh\/wp-content\/uploads\/2020\/05\/photos-drone-DSAUGUES-1-2048x1152.jpeg' ><img alt='' class='item skip-lazy' data-class='item' data-ftg-source='http:\/\/damiensaugues.ovh\/wp-content\/uploads\/2020\/05\/photos-drone-DSAUGUES-1-1536x864.jpeg' src='http:\/\/damiensaugues.ovh\/wp-content\/uploads\/2020\/05\/photos-drone-DSAUGUES-1-1536x864.jpeg' width='2560' height='1440' \/><\/a><div class='ftg-social'><\/div><\/div><div  class='tile ftg-preload  '><a title=\"Mouettes\" data-lightbox='ftg-11' rel='ftg-11'  class=' tile-inner  ftg-lightbox' href='https:\/\/damiensaugues.ovh\/wp-content\/uploads\/2017\/11\/mouette.jpg' ><img alt='Mouettes' class='item skip-lazy' data-class='item' data-ftg-source='http:\/\/damiensaugues.ovh\/wp-content\/uploads\/2017\/11\/mouette.jpg' src='http:\/\/damiensaugues.ovh\/wp-content\/uploads\/2017\/11\/mouette.jpg' width='555' height='357' \/><div class='caption-block'><div class='text-wrapper'><span class='title'>Mouettes<\/span><\/div><\/div><\/a><div class='ftg-social'><\/div><\/div><div  class='tile ftg-preload  '><a title=\"Montparnasse\" data-lightbox='ftg-11' rel='ftg-11'  class=' tile-inner  ftg-lightbox' href='https:\/\/damiensaugues.ovh\/wp-content\/uploads\/2017\/11\/montparnasse.jpg' ><img alt='Montparnasse' class='item skip-lazy' data-class='item' data-ftg-source='http:\/\/damiensaugues.ovh\/wp-content\/uploads\/2017\/11\/montparnasse.jpg' src='http:\/\/damiensaugues.ovh\/wp-content\/uploads\/2017\/11\/montparnasse.jpg' width='357' height='561' \/><div class='caption-block'><div class='text-wrapper'><span class='title'>Montparnasse<\/span><\/div><\/div><\/a><div class='ftg-social'><\/div><\/div><div  class='tile ftg-preload  '><a title=\"Maison du pays Dogon\" data-lightbox='ftg-11' rel='ftg-11'  class=' tile-inner  ftg-lightbox' href='https:\/\/damiensaugues.ovh\/wp-content\/uploads\/2017\/11\/maisondogon.jpg' ><img alt='Maison du pays Dogon' class='item skip-lazy' data-class='item' data-ftg-source='http:\/\/damiensaugues.ovh\/wp-content\/uploads\/2017\/11\/maisondogon.jpg' src='http:\/\/damiensaugues.ovh\/wp-content\/uploads\/2017\/11\/maisondogon.jpg' width='357' height='467' \/><div class='caption-block'><div class='text-wrapper'><span class='title'>Maison du pays Dogon<\/span><\/div><\/div><\/a><div class='ftg-social'><\/div><\/div><div  class='tile ftg-preload  '><a title=\"Montmartre\" data-lightbox='ftg-11' rel='ftg-11'  class=' tile-inner  ftg-lightbox' href='https:\/\/damiensaugues.ovh\/wp-content\/uploads\/2017\/11\/montmartre.jpg' ><img alt='Montmartre' class='item skip-lazy' data-class='item' data-ftg-source='http:\/\/damiensaugues.ovh\/wp-content\/uploads\/2017\/11\/montmartre.jpg' src='http:\/\/damiensaugues.ovh\/wp-content\/uploads\/2017\/11\/montmartre.jpg' width='357' height='499' \/><div class='caption-block'><div class='text-wrapper'><span class='title'>Montmartre<\/span><\/div><\/div><\/a><div class='ftg-social'><\/div><\/div><div  class='tile ftg-preload  '><a title=\"Grenier dogon\" data-lightbox='ftg-11' rel='ftg-11'  class=' tile-inner  ftg-lightbox' href='https:\/\/damiensaugues.ovh\/wp-content\/uploads\/2017\/11\/grenierdogon.jpg' ><img alt='Grenier dogon' class='item skip-lazy' data-class='item' data-ftg-source='http:\/\/damiensaugues.ovh\/wp-content\/uploads\/2017\/11\/grenierdogon.jpg' src='http:\/\/damiensaugues.ovh\/wp-content\/uploads\/2017\/11\/grenierdogon.jpg' width='555' height='355' \/><div class='caption-block'><div class='text-wrapper'><span class='title'>Grenier dogon<\/span><\/div><\/div><\/a><div class='ftg-social'><\/div><\/div><div  class='tile ftg-preload  '><a title=\"Lampes\" data-lightbox='ftg-11' rel='ftg-11'  class=' tile-inner  ftg-lightbox' href='https:\/\/damiensaugues.ovh\/wp-content\/uploads\/2017\/11\/lampes.jpg' ><img alt='Lampes' class='item skip-lazy' data-class='item' data-ftg-source='http:\/\/damiensaugues.ovh\/wp-content\/uploads\/2017\/11\/lampes.jpg' src='http:\/\/damiensaugues.ovh\/wp-content\/uploads\/2017\/11\/lampes.jpg' width='555' height='351' \/><div class='caption-block'><div class='text-wrapper'><span class='title'>Lampes<\/span><\/div><\/div><\/a><div class='ftg-social'><\/div><\/div><div  class='tile ftg-preload  '><a title=\"Dune\" data-lightbox='ftg-11' rel='ftg-11'  class=' tile-inner  ftg-lightbox' href='https:\/\/damiensaugues.ovh\/wp-content\/uploads\/2017\/11\/herbes.jpg' ><img alt='Dune' class='item skip-lazy' data-class='item' data-ftg-source='http:\/\/damiensaugues.ovh\/wp-content\/uploads\/2017\/11\/herbes.jpg' src='http:\/\/damiensaugues.ovh\/wp-content\/uploads\/2017\/11\/herbes.jpg' width='555' height='359' \/><div class='caption-block'><div class='text-wrapper'><span class='title'>Dune<\/span><\/div><\/div><\/a><div class='ftg-social'><\/div><\/div><div  class='tile ftg-preload  '><a title=\"Fant\u00f4me\" data-lightbox='ftg-11' rel='ftg-11'  class=' tile-inner  ftg-lightbox' href='https:\/\/damiensaugues.ovh\/wp-content\/uploads\/2017\/11\/fantome.jpg' ><img alt='Fant\u00f4me' class='item skip-lazy' data-class='item' data-ftg-source='http:\/\/damiensaugues.ovh\/wp-content\/uploads\/2017\/11\/fantome.jpg' src='http:\/\/damiensaugues.ovh\/wp-content\/uploads\/2017\/11\/fantome.jpg' width='357' height='556' \/><div class='caption-block'><div class='text-wrapper'><span class='title'>Fant\u00f4me<\/span><\/div><\/div><\/a><div class='ftg-social'><\/div><\/div><div  class='tile ftg-preload  '><a title=\"Gamin sur v\u00e9lo\" data-lightbox='ftg-11' rel='ftg-11'  class=' tile-inner  ftg-lightbox' href='https:\/\/damiensaugues.ovh\/wp-content\/uploads\/2017\/11\/gaminsurvelo.jpg' ><img alt='Gamin sur v\u00e9lo' class='item skip-lazy' data-class='item' data-ftg-source='http:\/\/damiensaugues.ovh\/wp-content\/uploads\/2017\/11\/gaminsurvelo.jpg' src='http:\/\/damiensaugues.ovh\/wp-content\/uploads\/2017\/11\/gaminsurvelo.jpg' width='346' height='538' \/><div class='caption-block'><div class='text-wrapper'><span class='title'>Gamin sur v\u00e9lo<\/span><\/div><\/div><\/a><div class='ftg-social'><\/div><\/div><div  class='tile ftg-preload  '><a title=\"enfantrase\" data-lightbox='ftg-11' rel='ftg-11'  class=' tile-inner  ftg-lightbox' href='https:\/\/damiensaugues.ovh\/wp-content\/uploads\/2017\/11\/enfantrase.jpg' ><img alt='enfantrase' class='item skip-lazy' data-class='item' data-ftg-source='http:\/\/damiensaugues.ovh\/wp-content\/uploads\/2017\/11\/enfantrase.jpg' src='http:\/\/damiensaugues.ovh\/wp-content\/uploads\/2017\/11\/enfantrase.jpg' width='357' height='550' \/><div class='caption-block'><div class='text-wrapper'><span class='title'>enfantrase<\/span><\/div><\/div><\/a><div class='ftg-social'><\/div><\/div><div  class='tile ftg-preload  '><a title=\"Escalier\" data-lightbox='ftg-11' rel='ftg-11'  class=' tile-inner  ftg-lightbox' href='https:\/\/damiensaugues.ovh\/wp-content\/uploads\/2017\/11\/escalier.jpg' ><img alt='Escalier' class='item skip-lazy' data-class='item' data-ftg-source='http:\/\/damiensaugues.ovh\/wp-content\/uploads\/2017\/11\/escalier.jpg' src='http:\/\/damiensaugues.ovh\/wp-content\/uploads\/2017\/11\/escalier.jpg' width='357' height='555' \/><div class='caption-block'><div class='text-wrapper'><span class='title'>Escalier<\/span><\/div><\/div><\/a><div class='ftg-social'><\/div><\/div><div  class='tile ftg-preload  '><a title=\"Champ de briques\" data-lightbox='ftg-11' rel='ftg-11'  class=' tile-inner  ftg-lightbox' href='https:\/\/damiensaugues.ovh\/wp-content\/uploads\/2017\/11\/champbriques.jpg' ><img alt='Champ de briques' class='item skip-lazy' data-class='item' data-ftg-source='http:\/\/damiensaugues.ovh\/wp-content\/uploads\/2017\/11\/champbriques.jpg' src='http:\/\/damiensaugues.ovh\/wp-content\/uploads\/2017\/11\/champbriques.jpg' width='526' height='341' \/><div class='caption-block'><div class='text-wrapper'><span class='title'>Champ de briques<\/span><\/div><\/div><\/a><div class='ftg-social'><\/div><\/div><div  class='tile ftg-preload  '><a title=\"Danses-transes\" data-lightbox='ftg-11' rel='ftg-11'  class=' tile-inner  ftg-lightbox' href='https:\/\/damiensaugues.ovh\/wp-content\/uploads\/2017\/11\/danse.jpg' ><img alt='Danses-transes' class='item skip-lazy' data-class='item' data-ftg-source='http:\/\/damiensaugues.ovh\/wp-content\/uploads\/2017\/11\/danse.jpg' src='http:\/\/damiensaugues.ovh\/wp-content\/uploads\/2017\/11\/danse.jpg' width='555' height='354' \/><div class='caption-block'><div class='text-wrapper'><span class='title'>Danses-transes<\/span><\/div><\/div><\/a><div class='ftg-social'><\/div><\/div><div  class='tile ftg-preload  '><a title=\"Chantier\" data-lightbox='ftg-11' rel='ftg-11'  class=' tile-inner  ftg-lightbox' href='https:\/\/damiensaugues.ovh\/wp-content\/uploads\/2017\/11\/denuit.jpg' ><img alt='Chantier' class='item skip-lazy' data-class='item' data-ftg-source='http:\/\/damiensaugues.ovh\/wp-content\/uploads\/2017\/11\/denuit.jpg' src='http:\/\/damiensaugues.ovh\/wp-content\/uploads\/2017\/11\/denuit.jpg' width='555' height='358' \/><div class='caption-block'><div class='text-wrapper'><span class='title'>Chantier<\/span><\/div><\/div><\/a><div class='ftg-social'><\/div><\/div><div  class='tile ftg-preload  '><a title=\"Chateau d&#039;Irlande\" data-lightbox='ftg-11' rel='ftg-11'  class=' tile-inner  ftg-lightbox' href='https:\/\/damiensaugues.ovh\/wp-content\/uploads\/2017\/11\/castel.jpg' ><img alt='Chateau d&#039;Irlande' class='item skip-lazy' data-class='item' data-ftg-source='http:\/\/damiensaugues.ovh\/wp-content\/uploads\/2017\/11\/castel.jpg' src='http:\/\/damiensaugues.ovh\/wp-content\/uploads\/2017\/11\/castel.jpg' width='555' height='361' \/><div class='caption-block'><div class='text-wrapper'><span class='title'>Chateau d'Irlande<\/span><\/div><\/div><\/a><div class='ftg-social'><\/div><\/div><div  class='tile ftg-preload  '><a title=\"Cactus\" data-lightbox='ftg-11' rel='ftg-11'  class=' tile-inner  ftg-lightbox' href='https:\/\/damiensaugues.ovh\/wp-content\/uploads\/2017\/11\/cactus.jpg' ><img alt='Cactus' class='item skip-lazy' data-class='item' data-ftg-source='http:\/\/damiensaugues.ovh\/wp-content\/uploads\/2017\/11\/cactus.jpg' src='http:\/\/damiensaugues.ovh\/wp-content\/uploads\/2017\/11\/cactus.jpg' width='357' height='530' \/><div class='caption-block'><div class='text-wrapper'><span class='title'>Cactus<\/span><\/div><\/div><\/a><div class='ftg-social'><\/div><\/div><div  class='tile ftg-preload  '><a title=\"Au milieu de nul part\" data-lightbox='ftg-11' rel='ftg-11'  class=' tile-inner  ftg-lightbox' href='https:\/\/damiensaugues.ovh\/wp-content\/uploads\/2017\/11\/aumilieu.jpg' ><img alt='Au milieu de nul part' class='item skip-lazy' data-class='item' data-ftg-source='http:\/\/damiensaugues.ovh\/wp-content\/uploads\/2017\/11\/aumilieu.jpg' src='http:\/\/damiensaugues.ovh\/wp-content\/uploads\/2017\/11\/aumilieu.jpg' width='555' height='357' \/><div class='caption-block'><div class='text-wrapper'><span class='title'>Au milieu de nul part<\/span><\/div><\/div><\/a><div class='ftg-social'><\/div><\/div><div  class='tile ftg-preload  '><a title=\"\" data-lightbox='ftg-11' rel='ftg-11'  class=' tile-inner  ftg-lightbox' href='https:\/\/damiensaugues.ovh\/wp-content\/uploads\/2020\/05\/photos-drone-DSAUGUES-5-2048x1152.jpeg' ><img alt='' class='item skip-lazy' data-class='item' data-ftg-source='http:\/\/damiensaugues.ovh\/wp-content\/uploads\/2020\/05\/photos-drone-DSAUGUES-5-1536x864.jpeg' src='http:\/\/damiensaugues.ovh\/wp-content\/uploads\/2020\/05\/photos-drone-DSAUGUES-5-1536x864.jpeg' width='2560' height='1440' \/><\/a><div class='ftg-social'><\/div><\/div><\/div><\/div><script type='text\/javascript'>jQuery('#ftg-11 img.item').removeAttr('src');jQuery(document).ready(function () {setTimeout(function () {jQuery('#ftg-11').finalTilesGallery({minTileWidth: 250,margin: 10,loadMethod: 'sequential',nonce: '4693952129',galleryId: '1',setupFilters: true,layout: 'final',debug: false,gridSize: 25,disableGridSizeBelow:800,allowEnlargement: true,imageSizeFactor: [ [4000, 0.3],[1024, 0.3],[768, 0.2],[640, 0.3],[320, 0.2]],selectedFilter: 'n-a'});jQuery(function () {(function () {var rel = '';jQuery('#ftg-11 .ftg-lightbox').click(function (e) {rel = jQuery(this).attr('rel');jQuery('#ftg-11 .ftg-current').removeClass('ftg-current');jQuery('#ftg-11 [rel=\"'+rel+'\"]').addClass('ftg-current');});})();});}, 0);});<\/script><\/p>\n<\/div>\n<\/div><\/div><\/div><\/div><\/div><\/div><\/div>","protected":false},"excerpt":{"rendered":"<p>Photos photos drone DSAUGUES (11)photos drone DSAUGUES (12)photos drone DSAUGUES (14)VachesLes portes de l&rsquo;atlasJeune touaregPauseChamp d&rsquo;oignonsChamp d&rsquo;oignonsphotos drone DSAUGUES (13)N\u00e9nupharMouettesMontparnasseMaison du pays DogonMontmartreGrenier dogonLampesDuneFant\u00f4meGamin sur v\u00e9loenfantraseEscalierChamp de briquesDanses-transesChantierChateau d&rsquo;IrlandeCactusAu milieu de nul part<\/p>\n","protected":false},"author":1,"featured_media":0,"parent":0,"menu_order":40,"comment_status":"closed","ping_status":"closed","template":"page-templates\/page_front-page.php","meta":[],"_links":{"self":[{"href":"https:\/\/damiensaugues.ovh\/index.php\/wp-json\/wp\/v2\/pages\/181"}],"collection":[{"href":"https:\/\/damiensaugues.ovh\/index.php\/wp-json\/wp\/v2\/pages"}],"about":[{"href":"https:\/\/damiensaugues.ovh\/index.php\/wp-json\/wp\/v2\/types\/page"}],"author":[{"embeddable":true,"href":"https:\/\/damiensaugues.ovh\/index.php\/wp-json\/wp\/v2\/users\/1"}],"replies":[{"embeddable":true,"href":"https:\/\/damiensaugues.ovh\/index.php\/wp-json\/wp\/v2\/comments?post=181"}],"version-history":[{"count":29,"href":"https:\/\/damiensaugues.ovh\/index.php\/wp-json\/wp\/v2\/pages\/181\/revisions"}],"predecessor-version":[{"id":1486,"href":"https:\/\/damiensaugues.ovh\/index.php\/wp-json\/wp\/v2\/pages\/181\/revisions\/1486"}],"wp:attachment":[{"href":"https:\/\/damiensaugues.ovh\/index.php\/wp-json\/wp\/v2\/media?parent=181"}],"curies":[{"name":"wp","href":"https:\/\/api.w.org\/{rel}","templated":true}]}}