{"id":179,"date":"2017-11-01T16:54:48","date_gmt":"2017-11-01T15:54:48","guid":{"rendered":"http:\/\/damiensaugues.ovh\/?page_id=179"},"modified":"2020-06-10T15:30:15","modified_gmt":"2020-06-10T13:30:15","slug":"videos","status":"publish","type":"page","link":"https:\/\/damiensaugues.ovh\/index.php\/videos\/","title":{"rendered":"Vid\u00e9os"},"content":{"rendered":"<div id=\"pl-179\"  class=\"panel-layout\" ><div id=\"pg-179-0\"  class=\"panel-grid panel-has-style\" ><div style=\"padding: 0px 0; \" data-overlay=\"true\" data-overlay-color=\"#000000\" class=\"panel-row-style panel-row-style-for-179-0\" ><div id=\"pgc-179-0-0\"  class=\"panel-grid-cell\" ><div id=\"panel-179-0-0-0\" class=\"so-panel widget widget_sow-editor panel-first-child panel-last-child\" data-index=\"0\" ><div style=\"text-align: left;\" data-title-color=\"#ffffff\" data-headings-color=\"#443f3f\" class=\"panel-widget-style panel-widget-style-for-179-0-0-0\" ><div class=\"so-widget-sow-editor so-widget-sow-editor-base\"><h3 class=\"widget-title\">Videos<\/h3>\n<div class=\"siteorigin-widget-tinymce textwidget\">\n\t<\/div>\n<\/div><\/div><\/div><\/div><\/div><\/div><div id=\"pg-179-1\"  class=\"panel-grid panel-has-style\" ><div style=\"text-align: center;padding: 0px 0; \" data-overlay=\"true\" data-overlay-color=\"#000000\" class=\"panel-row-style panel-row-style-for-179-1\" ><div id=\"pgc-179-1-0\"  class=\"panel-grid-cell\" ><div id=\"panel-179-1-0-0\" class=\"so-panel widget widget_sydney_portfolio sydney_portfolio_widget panel-first-child panel-last-child\" data-index=\"1\" ><div style=\"text-align: center;\" data-title-color=\"#ffffff\" data-headings-color=\"#443f3f\" class=\"panel-widget-style panel-widget-style-for-179-1-0-0\" ><div class=\"project-wrap\"><ul class=\"project-filter\" id=\"filters\"><li><a href=\"#\" data-filter=\"*\">Tout afficher<\/a><\/li><li><a href='#' data-filter='.images-aeriennes'>images a\u00e9riennes<\/a><\/li>\n<li><a href='#' data-filter='.prises-de-vues'>prises de vues<\/a><\/li>\n<li><a href='#' data-filter='.realisation'>r\u00e9alisation<\/a><\/li>\n<\/ul><div class=\"roll-project fullwidth\"><div class=\"isotope-container\" data-portfolio-effect=\"fadeInUp\"><div class=\"project-item item isotope-item prises-de-vues realisation \"><a class=\"project-pop-wrap\" href=\"http:\/\/damiensaugues.ovh\/index.php\/sollex-au-zebre\/\"><div class=\"project-pop\"><\/div><div class=\"project-title-wrap\"><div class=\"project-title\"><span>Sollex au Z\u00e8bre<\/span><\/div><\/div><\/a><a href=\"http:\/\/damiensaugues.ovh\/index.php\/sollex-au-zebre\/\"><img width=\"480\" height=\"270\" src=\"https:\/\/damiensaugues.ovh\/wp-content\/uploads\/2018\/05\/zebre-belleville-480x270.png\" class=\"attachment-sydney-mas-thumb size-sydney-mas-thumb wp-post-image\" alt=\"\" loading=\"lazy\" srcset=\"https:\/\/damiensaugues.ovh\/wp-content\/uploads\/2018\/05\/zebre-belleville-480x270.png 480w, https:\/\/damiensaugues.ovh\/wp-content\/uploads\/2018\/05\/zebre-belleville-300x169.png 300w, https:\/\/damiensaugues.ovh\/wp-content\/uploads\/2018\/05\/zebre-belleville-768x432.png 768w, https:\/\/damiensaugues.ovh\/wp-content\/uploads\/2018\/05\/zebre-belleville.png 1024w, https:\/\/damiensaugues.ovh\/wp-content\/uploads\/2018\/05\/zebre-belleville-830x467.png 830w, https:\/\/damiensaugues.ovh\/wp-content\/uploads\/2018\/05\/zebre-belleville-230x129.png 230w, https:\/\/damiensaugues.ovh\/wp-content\/uploads\/2018\/05\/zebre-belleville-350x197.png 350w\" sizes=\"(max-width: 480px) 100vw, 480px\" \/><\/a><\/div><div class=\"project-item item isotope-item prises-de-vues \"><a class=\"project-pop-wrap\" href=\"http:\/\/damiensaugues.ovh\/index.php\/tatoo-cover\/\"><div class=\"project-pop\"><\/div><div class=\"project-title-wrap\"><div class=\"project-title\"><span>tatoo<\/span><\/div><\/div><\/a><a href=\"http:\/\/damiensaugues.ovh\/index.php\/tatoo-cover\/\"><img width=\"480\" height=\"270\" src=\"https:\/\/damiensaugues.ovh\/wp-content\/uploads\/2020\/05\/tattoo_cover-1-480x270.jpg\" class=\"attachment-sydney-mas-thumb size-sydney-mas-thumb wp-post-image\" alt=\"\" loading=\"lazy\" srcset=\"https:\/\/damiensaugues.ovh\/wp-content\/uploads\/2020\/05\/tattoo_cover-1-480x270.jpg 480w, https:\/\/damiensaugues.ovh\/wp-content\/uploads\/2020\/05\/tattoo_cover-1-300x169.jpg 300w, https:\/\/damiensaugues.ovh\/wp-content\/uploads\/2020\/05\/tattoo_cover-1-1024x576.jpg 1024w, https:\/\/damiensaugues.ovh\/wp-content\/uploads\/2020\/05\/tattoo_cover-1-768x432.jpg 768w, https:\/\/damiensaugues.ovh\/wp-content\/uploads\/2020\/05\/tattoo_cover-1-830x467.jpg 830w, https:\/\/damiensaugues.ovh\/wp-content\/uploads\/2020\/05\/tattoo_cover-1-230x129.jpg 230w, https:\/\/damiensaugues.ovh\/wp-content\/uploads\/2020\/05\/tattoo_cover-1-350x197.jpg 350w, https:\/\/damiensaugues.ovh\/wp-content\/uploads\/2020\/05\/tattoo_cover-1.jpg 1280w\" sizes=\"(max-width: 480px) 100vw, 480px\" \/><\/a><\/div><div class=\"project-item item isotope-item prises-de-vues \"><a class=\"project-pop-wrap\" href=\"http:\/\/damiensaugues.ovh\/index.php\/expression-directe\/\"><div class=\"project-pop\"><\/div><div class=\"project-title-wrap\"><div class=\"project-title\"><span>Expression directe<\/span><\/div><\/div><\/a><a href=\"http:\/\/damiensaugues.ovh\/index.php\/expression-directe\/\"><img width=\"480\" height=\"270\" src=\"https:\/\/damiensaugues.ovh\/wp-content\/uploads\/2020\/05\/280px-Expression_directe_logo-480x270.png\" class=\"attachment-sydney-mas-thumb size-sydney-mas-thumb wp-post-image\" alt=\"\" loading=\"lazy\" srcset=\"https:\/\/damiensaugues.ovh\/wp-content\/uploads\/2020\/05\/280px-Expression_directe_logo-480x270.png 480w, https:\/\/damiensaugues.ovh\/wp-content\/uploads\/2020\/05\/280px-Expression_directe_logo-300x169.png 300w, https:\/\/damiensaugues.ovh\/wp-content\/uploads\/2020\/05\/280px-Expression_directe_logo-1024x576.png 1024w, https:\/\/damiensaugues.ovh\/wp-content\/uploads\/2020\/05\/280px-Expression_directe_logo-768x432.png 768w, https:\/\/damiensaugues.ovh\/wp-content\/uploads\/2020\/05\/280px-Expression_directe_logo-830x467.png 830w, https:\/\/damiensaugues.ovh\/wp-content\/uploads\/2020\/05\/280px-Expression_directe_logo-230x129.png 230w, https:\/\/damiensaugues.ovh\/wp-content\/uploads\/2020\/05\/280px-Expression_directe_logo-350x197.png 350w, https:\/\/damiensaugues.ovh\/wp-content\/uploads\/2020\/05\/280px-Expression_directe_logo.png 1280w\" sizes=\"(max-width: 480px) 100vw, 480px\" \/><\/a><\/div><div class=\"project-item item isotope-item prises-de-vues \"><a class=\"project-pop-wrap\" href=\"http:\/\/damiensaugues.ovh\/?page_id=1153&#038;preview=true\"><div class=\"project-pop\"><\/div><div class=\"project-title-wrap\"><div class=\"project-title\"><span>50&prime; inside<\/span><\/div><\/div><\/a><a href=\"http:\/\/damiensaugues.ovh\/?page_id=1153&#038;preview=true\"><img width=\"480\" height=\"270\" src=\"https:\/\/damiensaugues.ovh\/wp-content\/uploads\/2020\/04\/logo-inside-1920-480x270.jpg\" class=\"attachment-sydney-mas-thumb size-sydney-mas-thumb wp-post-image\" alt=\"\" loading=\"lazy\" srcset=\"https:\/\/damiensaugues.ovh\/wp-content\/uploads\/2020\/04\/logo-inside-1920-480x270.jpg 480w, https:\/\/damiensaugues.ovh\/wp-content\/uploads\/2020\/04\/logo-inside-1920-300x169.jpg 300w, https:\/\/damiensaugues.ovh\/wp-content\/uploads\/2020\/04\/logo-inside-1920-1024x576.jpg 1024w, https:\/\/damiensaugues.ovh\/wp-content\/uploads\/2020\/04\/logo-inside-1920-768x432.jpg 768w, https:\/\/damiensaugues.ovh\/wp-content\/uploads\/2020\/04\/logo-inside-1920-1536x864.jpg 1536w, https:\/\/damiensaugues.ovh\/wp-content\/uploads\/2020\/04\/logo-inside-1920-830x467.jpg 830w, https:\/\/damiensaugues.ovh\/wp-content\/uploads\/2020\/04\/logo-inside-1920-230x129.jpg 230w, https:\/\/damiensaugues.ovh\/wp-content\/uploads\/2020\/04\/logo-inside-1920-350x197.jpg 350w, https:\/\/damiensaugues.ovh\/wp-content\/uploads\/2020\/04\/logo-inside-1920.jpg 1920w\" sizes=\"(max-width: 480px) 100vw, 480px\" \/><\/a><\/div><div class=\"project-item item isotope-item prises-de-vues \"><a class=\"project-pop-wrap\" href=\"http:\/\/damiensaugues.ovh\/index.php\/centre-europeen-de-formation\/\"><div class=\"project-pop\"><\/div><div class=\"project-title-wrap\"><div class=\"project-title\"><span>Centre europ\u00e9en de formation<\/span><\/div><\/div><\/a><a href=\"http:\/\/damiensaugues.ovh\/index.php\/centre-europeen-de-formation\/\"><img width=\"480\" height=\"270\" src=\"https:\/\/damiensaugues.ovh\/wp-content\/uploads\/2020\/05\/cef-480x270.jpg\" class=\"attachment-sydney-mas-thumb size-sydney-mas-thumb wp-post-image\" alt=\"\" loading=\"lazy\" srcset=\"https:\/\/damiensaugues.ovh\/wp-content\/uploads\/2020\/05\/cef-480x270.jpg 480w, https:\/\/damiensaugues.ovh\/wp-content\/uploads\/2020\/05\/cef-300x169.jpg 300w, https:\/\/damiensaugues.ovh\/wp-content\/uploads\/2020\/05\/cef-1024x576.jpg 1024w, https:\/\/damiensaugues.ovh\/wp-content\/uploads\/2020\/05\/cef-768x432.jpg 768w, https:\/\/damiensaugues.ovh\/wp-content\/uploads\/2020\/05\/cef-830x467.jpg 830w, https:\/\/damiensaugues.ovh\/wp-content\/uploads\/2020\/05\/cef-230x129.jpg 230w, https:\/\/damiensaugues.ovh\/wp-content\/uploads\/2020\/05\/cef-350x197.jpg 350w, https:\/\/damiensaugues.ovh\/wp-content\/uploads\/2020\/05\/cef.jpg 1280w\" sizes=\"(max-width: 480px) 100vw, 480px\" \/><\/a><\/div><div class=\"project-item item isotope-item prises-de-vues \"><a class=\"project-pop-wrap\" href=\"http:\/\/damiensaugues.ovh\/index.php\/lilititi\/\"><div class=\"project-pop\"><\/div><div class=\"project-title-wrap\"><div class=\"project-title\"><span>Lilititi<\/span><\/div><\/div><\/a><a href=\"http:\/\/damiensaugues.ovh\/index.php\/lilititi\/\"><img width=\"480\" height=\"270\" src=\"https:\/\/damiensaugues.ovh\/wp-content\/uploads\/2018\/05\/LOGO-Lilititi-480x270.jpg\" class=\"attachment-sydney-mas-thumb size-sydney-mas-thumb wp-post-image\" alt=\"\" loading=\"lazy\" srcset=\"https:\/\/damiensaugues.ovh\/wp-content\/uploads\/2018\/05\/LOGO-Lilititi-480x270.jpg 480w, https:\/\/damiensaugues.ovh\/wp-content\/uploads\/2018\/05\/LOGO-Lilititi-300x169.jpg 300w, https:\/\/damiensaugues.ovh\/wp-content\/uploads\/2018\/05\/LOGO-Lilititi-1024x576.jpg 1024w, https:\/\/damiensaugues.ovh\/wp-content\/uploads\/2018\/05\/LOGO-Lilititi-768x432.jpg 768w, https:\/\/damiensaugues.ovh\/wp-content\/uploads\/2018\/05\/LOGO-Lilititi-830x467.jpg 830w, https:\/\/damiensaugues.ovh\/wp-content\/uploads\/2018\/05\/LOGO-Lilititi-230x129.jpg 230w, https:\/\/damiensaugues.ovh\/wp-content\/uploads\/2018\/05\/LOGO-Lilititi-350x197.jpg 350w, https:\/\/damiensaugues.ovh\/wp-content\/uploads\/2018\/05\/LOGO-Lilititi.jpg 1280w\" sizes=\"(max-width: 480px) 100vw, 480px\" \/><\/a><\/div><div class=\"project-item item isotope-item images-aeriennes prises-de-vues \"><a class=\"project-pop-wrap\" href=\"http:\/\/damiensaugues.ovh\/index.php\/marais-salants\/\"><div class=\"project-pop\"><\/div><div class=\"project-title-wrap\"><div class=\"project-title\"><span>Marais Salants<\/span><\/div><\/div><\/a><a href=\"http:\/\/damiensaugues.ovh\/index.php\/marais-salants\/\"><img width=\"480\" height=\"270\" src=\"https:\/\/damiensaugues.ovh\/wp-content\/uploads\/2019\/02\/marais-480x270.png\" class=\"attachment-sydney-mas-thumb size-sydney-mas-thumb wp-post-image\" alt=\"\" loading=\"lazy\" srcset=\"https:\/\/damiensaugues.ovh\/wp-content\/uploads\/2019\/02\/marais-480x270.png 480w, https:\/\/damiensaugues.ovh\/wp-content\/uploads\/2019\/02\/marais-300x169.png 300w, https:\/\/damiensaugues.ovh\/wp-content\/uploads\/2019\/02\/marais-768x432.png 768w, https:\/\/damiensaugues.ovh\/wp-content\/uploads\/2019\/02\/marais-1024x576.png 1024w, https:\/\/damiensaugues.ovh\/wp-content\/uploads\/2019\/02\/marais-830x467.png 830w, https:\/\/damiensaugues.ovh\/wp-content\/uploads\/2019\/02\/marais-230x129.png 230w, https:\/\/damiensaugues.ovh\/wp-content\/uploads\/2019\/02\/marais-350x197.png 350w, https:\/\/damiensaugues.ovh\/wp-content\/uploads\/2019\/02\/marais.png 1920w\" sizes=\"(max-width: 480px) 100vw, 480px\" \/><\/a><\/div><div class=\"project-item item isotope-item prises-de-vues realisation \"><a class=\"project-pop-wrap\" href=\"http:\/\/damiensaugues.ovh\/index.php\/qui-a-coupe-leau\/\"><div class=\"project-pop\"><\/div><div class=\"project-title-wrap\"><div class=\"project-title\"><span>Qui a coup\u00e9 l&rsquo;eau ?<\/span><\/div><\/div><\/a><a href=\"http:\/\/damiensaugues.ovh\/index.php\/qui-a-coupe-leau\/\"><img width=\"480\" height=\"270\" src=\"https:\/\/damiensaugues.ovh\/wp-content\/uploads\/2020\/05\/quiacoupeleau-1-480x270.png\" class=\"attachment-sydney-mas-thumb size-sydney-mas-thumb wp-post-image\" alt=\"\" loading=\"lazy\" srcset=\"https:\/\/damiensaugues.ovh\/wp-content\/uploads\/2020\/05\/quiacoupeleau-1-480x270.png 480w, https:\/\/damiensaugues.ovh\/wp-content\/uploads\/2020\/05\/quiacoupeleau-1-300x169.png 300w, https:\/\/damiensaugues.ovh\/wp-content\/uploads\/2020\/05\/quiacoupeleau-1-1024x576.png 1024w, https:\/\/damiensaugues.ovh\/wp-content\/uploads\/2020\/05\/quiacoupeleau-1-768x432.png 768w, https:\/\/damiensaugues.ovh\/wp-content\/uploads\/2020\/05\/quiacoupeleau-1-1536x864.png 1536w, https:\/\/damiensaugues.ovh\/wp-content\/uploads\/2020\/05\/quiacoupeleau-1-830x467.png 830w, https:\/\/damiensaugues.ovh\/wp-content\/uploads\/2020\/05\/quiacoupeleau-1-230x129.png 230w, https:\/\/damiensaugues.ovh\/wp-content\/uploads\/2020\/05\/quiacoupeleau-1-350x197.png 350w, https:\/\/damiensaugues.ovh\/wp-content\/uploads\/2020\/05\/quiacoupeleau-1.png 1920w\" sizes=\"(max-width: 480px) 100vw, 480px\" \/><\/a><\/div><div class=\"project-item item isotope-item prises-de-vues \"><a class=\"project-pop-wrap\" href=\"http:\/\/damiensaugues.ovh\/index.php\/comment-ca-va-bien-france-2\/\"><div class=\"project-pop\"><\/div><div class=\"project-title-wrap\"><div class=\"project-title\"><span>ccvb<\/span><\/div><\/div><\/a><a href=\"http:\/\/damiensaugues.ovh\/index.php\/comment-ca-va-bien-france-2\/\"><img width=\"480\" height=\"270\" src=\"https:\/\/damiensaugues.ovh\/wp-content\/uploads\/2018\/05\/ccvb-1-480x270.png\" class=\"attachment-sydney-mas-thumb size-sydney-mas-thumb wp-post-image\" alt=\"\" loading=\"lazy\" srcset=\"https:\/\/damiensaugues.ovh\/wp-content\/uploads\/2018\/05\/ccvb-1-480x270.png 480w, https:\/\/damiensaugues.ovh\/wp-content\/uploads\/2018\/05\/ccvb-1-300x169.png 300w, https:\/\/damiensaugues.ovh\/wp-content\/uploads\/2018\/05\/ccvb-1-768x432.png 768w, https:\/\/damiensaugues.ovh\/wp-content\/uploads\/2018\/05\/ccvb-1-1024x576.png 1024w, https:\/\/damiensaugues.ovh\/wp-content\/uploads\/2018\/05\/ccvb-1-830x467.png 830w, https:\/\/damiensaugues.ovh\/wp-content\/uploads\/2018\/05\/ccvb-1-230x129.png 230w, https:\/\/damiensaugues.ovh\/wp-content\/uploads\/2018\/05\/ccvb-1-350x197.png 350w, https:\/\/damiensaugues.ovh\/wp-content\/uploads\/2018\/05\/ccvb-1.png 1280w\" sizes=\"(max-width: 480px) 100vw, 480px\" \/><\/a><\/div><div class=\"project-item item isotope-item prises-de-vues \"><a class=\"project-pop-wrap\" href=\"http:\/\/damiensaugues.ovh\/index.php\/visites-privees-france-2\/\"><div class=\"project-pop\"><\/div><div class=\"project-title-wrap\"><div class=\"project-title\"><span>Visites priv\u00e9es<\/span><\/div><\/div><\/a><a href=\"http:\/\/damiensaugues.ovh\/index.php\/visites-privees-france-2\/\"><img width=\"480\" height=\"270\" src=\"https:\/\/damiensaugues.ovh\/wp-content\/uploads\/2018\/05\/visites-privees-480x270.jpg\" class=\"attachment-sydney-mas-thumb size-sydney-mas-thumb wp-post-image\" alt=\"\" loading=\"lazy\" srcset=\"https:\/\/damiensaugues.ovh\/wp-content\/uploads\/2018\/05\/visites-privees-480x270.jpg 480w, https:\/\/damiensaugues.ovh\/wp-content\/uploads\/2018\/05\/visites-privees-300x169.jpg 300w, https:\/\/damiensaugues.ovh\/wp-content\/uploads\/2018\/05\/visites-privees-768x432.jpg 768w, https:\/\/damiensaugues.ovh\/wp-content\/uploads\/2018\/05\/visites-privees-1024x576.jpg 1024w, https:\/\/damiensaugues.ovh\/wp-content\/uploads\/2018\/05\/visites-privees-830x467.jpg 830w, https:\/\/damiensaugues.ovh\/wp-content\/uploads\/2018\/05\/visites-privees-230x129.jpg 230w, https:\/\/damiensaugues.ovh\/wp-content\/uploads\/2018\/05\/visites-privees-350x197.jpg 350w, https:\/\/damiensaugues.ovh\/wp-content\/uploads\/2018\/05\/visites-privees.jpg 1280w\" sizes=\"(max-width: 480px) 100vw, 480px\" \/><\/a><\/div><div class=\"project-item item isotope-item realisation \"><a class=\"project-pop-wrap\" href=\"http:\/\/damiensaugues.ovh\/index.php\/yes-you-can\/\"><div class=\"project-pop\"><\/div><div class=\"project-title-wrap\"><div class=\"project-title\"><span>Yes you can<\/span><\/div><\/div><\/a><a href=\"http:\/\/damiensaugues.ovh\/index.php\/yes-you-can\/\"><img width=\"480\" height=\"270\" src=\"https:\/\/damiensaugues.ovh\/wp-content\/uploads\/2018\/05\/yes-you-can-480x270.png\" class=\"attachment-sydney-mas-thumb size-sydney-mas-thumb wp-post-image\" alt=\"\" loading=\"lazy\" srcset=\"https:\/\/damiensaugues.ovh\/wp-content\/uploads\/2018\/05\/yes-you-can-480x270.png 480w, https:\/\/damiensaugues.ovh\/wp-content\/uploads\/2018\/05\/yes-you-can-300x169.png 300w, https:\/\/damiensaugues.ovh\/wp-content\/uploads\/2018\/05\/yes-you-can-768x432.png 768w, https:\/\/damiensaugues.ovh\/wp-content\/uploads\/2018\/05\/yes-you-can-1024x576.png 1024w, https:\/\/damiensaugues.ovh\/wp-content\/uploads\/2018\/05\/yes-you-can-830x467.png 830w, https:\/\/damiensaugues.ovh\/wp-content\/uploads\/2018\/05\/yes-you-can-230x129.png 230w, https:\/\/damiensaugues.ovh\/wp-content\/uploads\/2018\/05\/yes-you-can-350x197.png 350w, https:\/\/damiensaugues.ovh\/wp-content\/uploads\/2018\/05\/yes-you-can.png 1920w\" sizes=\"(max-width: 480px) 100vw, 480px\" \/><\/a><\/div><div class=\"project-item item isotope-item images-aeriennes \"><a class=\"project-pop-wrap\" href=\"http:\/\/damiensaugues.ovh\/index.php\/demo-images-aeriennes\/\"><div class=\"project-pop\"><\/div><div class=\"project-title-wrap\"><div class=\"project-title\"><span>d\u00e9mo drone<\/span><\/div><\/div><\/a><a href=\"http:\/\/damiensaugues.ovh\/index.php\/demo-images-aeriennes\/\"><img width=\"480\" height=\"270\" src=\"https:\/\/damiensaugues.ovh\/wp-content\/uploads\/2018\/05\/demo-drone-480x270.png\" class=\"attachment-sydney-mas-thumb size-sydney-mas-thumb wp-post-image\" alt=\"\" loading=\"lazy\" srcset=\"https:\/\/damiensaugues.ovh\/wp-content\/uploads\/2018\/05\/demo-drone-480x270.png 480w, https:\/\/damiensaugues.ovh\/wp-content\/uploads\/2018\/05\/demo-drone-300x169.png 300w, https:\/\/damiensaugues.ovh\/wp-content\/uploads\/2018\/05\/demo-drone-768x432.png 768w, https:\/\/damiensaugues.ovh\/wp-content\/uploads\/2018\/05\/demo-drone-1024x576.png 1024w, https:\/\/damiensaugues.ovh\/wp-content\/uploads\/2018\/05\/demo-drone-830x467.png 830w, https:\/\/damiensaugues.ovh\/wp-content\/uploads\/2018\/05\/demo-drone-230x129.png 230w, https:\/\/damiensaugues.ovh\/wp-content\/uploads\/2018\/05\/demo-drone-350x197.png 350w, https:\/\/damiensaugues.ovh\/wp-content\/uploads\/2018\/05\/demo-drone.png 1920w\" sizes=\"(max-width: 480px) 100vw, 480px\" \/><\/a><\/div><div class=\"project-item item isotope-item prises-de-vues \"><a class=\"project-pop-wrap\" href=\"http:\/\/damiensaugues.ovh\/index.php\/publicite-speedo\/\"><div class=\"project-pop\"><\/div><div class=\"project-title-wrap\"><div class=\"project-title\"><span>Speedo<\/span><\/div><\/div><\/a><a href=\"http:\/\/damiensaugues.ovh\/index.php\/publicite-speedo\/\"><img width=\"480\" height=\"270\" src=\"https:\/\/damiensaugues.ovh\/wp-content\/uploads\/2018\/05\/speedo-480x270.png\" class=\"attachment-sydney-mas-thumb size-sydney-mas-thumb wp-post-image\" alt=\"\" loading=\"lazy\" srcset=\"https:\/\/damiensaugues.ovh\/wp-content\/uploads\/2018\/05\/speedo-480x270.png 480w, https:\/\/damiensaugues.ovh\/wp-content\/uploads\/2018\/05\/speedo-300x169.png 300w, https:\/\/damiensaugues.ovh\/wp-content\/uploads\/2018\/05\/speedo-768x432.png 768w, https:\/\/damiensaugues.ovh\/wp-content\/uploads\/2018\/05\/speedo-1024x576.png 1024w, https:\/\/damiensaugues.ovh\/wp-content\/uploads\/2018\/05\/speedo-830x467.png 830w, https:\/\/damiensaugues.ovh\/wp-content\/uploads\/2018\/05\/speedo-230x129.png 230w, https:\/\/damiensaugues.ovh\/wp-content\/uploads\/2018\/05\/speedo-350x197.png 350w, https:\/\/damiensaugues.ovh\/wp-content\/uploads\/2018\/05\/speedo.png 1920w\" sizes=\"(max-width: 480px) 100vw, 480px\" \/><\/a><\/div><\/div><\/div><\/div><!-- \/.project-wrap --><\/div><\/div><\/div><\/div><\/div><div id=\"pg-179-2\"  class=\"panel-grid panel-has-style\" ><div style=\"padding: 0px 0; \" data-overlay=\"true\" data-overlay-color=\"#000000\" class=\"panel-row-style panel-row-style-for-179-2\" ><div id=\"pgc-179-2-0\"  class=\"panel-grid-cell\" ><div id=\"panel-179-2-0-0\" class=\"so-panel widget widget_sow-editor panel-first-child panel-last-child\" data-index=\"2\" ><div style=\"text-align: center;\" data-title-color=\"#000000\" data-headings-color=\"#443f3f\" class=\"panel-widget-style panel-widget-style-for-179-2-0-0\" ><div class=\"so-widget-sow-editor so-widget-sow-editor-base\">\n<div class=\"siteorigin-widget-tinymce textwidget\">\n\t<p>Dans certains cas, je n'ai pas pu poster les vid\u00e9os sur ma chaine car je ne suis pas d\u00e9tendeur des droits.<\/p>\n<p>Je tenais n\u00e9anmoins \u00e0 vous pr\u00e9senter quelques images sous forme de captures d'\u00e9cran.<\/p>\n<\/div>\n<\/div><\/div><\/div><\/div><\/div><\/div><\/div>","protected":false},"excerpt":{"rendered":"<p>Videos Dans certains cas, je n&rsquo;ai pas pu poster les vid\u00e9os sur ma chaine car je ne suis pas d\u00e9tendeur des droits. Je tenais n\u00e9anmoins \u00e0 vous pr\u00e9senter quelques images sous forme de captures d&rsquo;\u00e9cran.<\/p>\n","protected":false},"author":1,"featured_media":0,"parent":0,"menu_order":30,"comment_status":"closed","ping_status":"closed","template":"page-templates\/page_front-page.php","meta":[],"_links":{"self":[{"href":"https:\/\/damiensaugues.ovh\/index.php\/wp-json\/wp\/v2\/pages\/179"}],"collection":[{"href":"https:\/\/damiensaugues.ovh\/index.php\/wp-json\/wp\/v2\/pages"}],"about":[{"href":"https:\/\/damiensaugues.ovh\/index.php\/wp-json\/wp\/v2\/types\/page"}],"author":[{"embeddable":true,"href":"https:\/\/damiensaugues.ovh\/index.php\/wp-json\/wp\/v2\/users\/1"}],"replies":[{"embeddable":true,"href":"https:\/\/damiensaugues.ovh\/index.php\/wp-json\/wp\/v2\/comments?post=179"}],"version-history":[{"count":43,"href":"https:\/\/damiensaugues.ovh\/index.php\/wp-json\/wp\/v2\/pages\/179\/revisions"}],"predecessor-version":[{"id":756,"href":"https:\/\/damiensaugues.ovh\/index.php\/wp-json\/wp\/v2\/pages\/179\/revisions\/756"}],"wp:attachment":[{"href":"https:\/\/damiensaugues.ovh\/index.php\/wp-json\/wp\/v2\/media?parent=179"}],"curies":[{"name":"wp","href":"https:\/\/api.w.org\/{rel}","templated":true}]}}